{"id":7111,"date":"2025-01-14T20:00:02","date_gmt":"2025-01-14T19:00:02","guid":{"rendered":"https:\/\/hun.amaruq-chimo.eu\/?page_id=7111"},"modified":"2025-01-14T20:24:22","modified_gmt":"2025-01-14T19:24:22","slug":"7111-2","status":"publish","type":"page","link":"https:\/\/hun.amaruq-chimo.eu\/?page_id=7111","title":{"rendered":""},"content":{"rendered":"<p><img loading=\"lazy\" decoding=\"async\" class=\"aligncenter wp-image-7112\" src=\"https:\/\/hun.amaruq-chimo.eu\/wp-content\/\/v-alommagy.jpg\" alt=\"\" width=\"681\" height=\"227\" srcset=\"https:\/\/hun.amaruq-chimo.eu\/wp-content\/v-alommagy.jpg 864w, https:\/\/hun.amaruq-chimo.eu\/wp-content\/v-alommagy-300x100.jpg 300w, https:\/\/hun.amaruq-chimo.eu\/wp-content\/v-alommagy-768x256.jpg 768w\" sizes=\"auto, (max-width: 681px) 100vw, 681px\" \/><\/p>\n<h3>&nbsp; &nbsp; &nbsp; &nbsp; &nbsp; &nbsp; &nbsp; &nbsp; &nbsp; <span style=\"color: #000000;\">Rona &#8222;Luna&#8221;&nbsp; &nbsp; &nbsp; &nbsp; &nbsp; &nbsp; &nbsp; &nbsp; &nbsp; &nbsp; &nbsp; &nbsp; &nbsp; &nbsp; &nbsp; &nbsp; &nbsp; &nbsp; &nbsp; &nbsp; &nbsp; &nbsp; &nbsp; &nbsp; &nbsp; &nbsp; &nbsp; &nbsp; &nbsp; &nbsp; &nbsp; &nbsp;Amaruq-Chimo Szol\u00f3n<\/span><\/h3>\n<h2 style=\"text-align: center;\"><span style=\"color: #ff0000;\">2025.01.11-\u00e9n megsz\u00fclettek!<\/span><\/h2>\n<p><img loading=\"lazy\" decoding=\"async\" class=\"aligncenter wp-image-7116\" src=\"https:\/\/hun.amaruq-chimo.eu\/wp-content\/\/20250113_092835-1024x806.jpg\" alt=\"\" width=\"501\" height=\"394\" srcset=\"https:\/\/hun.amaruq-chimo.eu\/wp-content\/20250113_092835-1024x806.jpg 1024w, https:\/\/hun.amaruq-chimo.eu\/wp-content\/20250113_092835-300x236.jpg 300w, https:\/\/hun.amaruq-chimo.eu\/wp-content\/20250113_092835-768x604.jpg 768w\" sizes=\"auto, (max-width: 501px) 100vw, 501px\" \/><\/p>\n<h2 style=\"text-align: center;\">&nbsp;<\/h2>\n<p>&nbsp;<\/p>\n<p>&nbsp;<\/p>\nngg_shortcode_0_placeholder\n","protected":false},"excerpt":{"rendered":"<p>&nbsp; &nbsp; &nbsp; &nbsp; &nbsp; &nbsp; &nbsp; &nbsp; &nbsp; Rona &#8222;Luna&#8221;&nbsp; &nbsp; &nbsp; &nbsp; &nbsp; &nbsp; &nbsp; &nbsp; &nbsp; &nbsp; &nbsp; &nbsp; &nbsp; &nbsp; &nbsp; &nbsp; &nbsp; &nbsp; &nbsp; &nbsp; &nbsp; &nbsp; &nbsp; &nbsp; &nbsp; &nbsp; &nbsp; &nbsp; &nbsp; &nbsp; &nbsp; &nbsp;Amaruq-Chimo Szol\u00f3n 2025.01.11-\u00e9n megsz\u00fclettek! &nbsp; &nbsp; &nbsp;<\/p>\n","protected":false},"author":2,"featured_media":0,"parent":0,"menu_order":0,"comment_status":"closed","ping_status":"closed","template":"","meta":{"ngg_post_thumbnail":0,"footnotes":""},"class_list":["post-7111","page","type-page","status-publish","hentry"],"_links":{"self":[{"href":"https:\/\/hun.amaruq-chimo.eu\/index.php?rest_route=\/wp\/v2\/pages\/7111","targetHints":{"allow":["GET"]}}],"collection":[{"href":"https:\/\/hun.amaruq-chimo.eu\/index.php?rest_route=\/wp\/v2\/pages"}],"about":[{"href":"https:\/\/hun.amaruq-chimo.eu\/index.php?rest_route=\/wp\/v2\/types\/page"}],"author":[{"embeddable":true,"href":"https:\/\/hun.amaruq-chimo.eu\/index.php?rest_route=\/wp\/v2\/users\/2"}],"replies":[{"embeddable":true,"href":"https:\/\/hun.amaruq-chimo.eu\/index.php?rest_route=%2Fwp%2Fv2%2Fcomments&post=7111"}],"version-history":[{"count":5,"href":"https:\/\/hun.amaruq-chimo.eu\/index.php?rest_route=\/wp\/v2\/pages\/7111\/revisions"}],"predecessor-version":[{"id":7128,"href":"https:\/\/hun.amaruq-chimo.eu\/index.php?rest_route=\/wp\/v2\/pages\/7111\/revisions\/7128"}],"wp:attachment":[{"href":"https:\/\/hun.amaruq-chimo.eu\/index.php?rest_route=%2Fwp%2Fv2%2Fmedia&parent=7111"}],"curies":[{"name":"wp","href":"https:\/\/api.w.org\/{rel}","templated":true}]}}