{"id":683,"date":"2010-10-28T18:32:15","date_gmt":"2010-10-28T17:32:15","guid":{"rendered":"https:\/\/hun.amaruq-chimo.eu\/?page_id=683"},"modified":"2020-02-09T20:58:10","modified_gmt":"2020-02-09T19:58:10","slug":"dharma-karma-dzsipmas-do-khyi-dharma","status":"publish","type":"page","link":"https:\/\/hun.amaruq-chimo.eu\/?page_id=683","title":{"rendered":""},"content":{"rendered":"<table style=\"text-align: center;\" border=\"0\" width=\"100%\">\n<tbody>\n<tr>\n<td style=\"text-align: center;\">\n<h2 style=\"font-size: 1.5em; text-align: center;\"><span style=\"color: #800000;\"><strong><img loading=\"lazy\" decoding=\"async\" class=\"aligncenter size-full wp-image-872\" src=\"https:\/\/hun.amaruq-chimo.eu\/wp-content\/\/pedigele.gif\" alt=\"\" width=\"68\" height=\"97\"><a href=\"https:\/\/hun.amaruq-chimo.eu\/wp-content\/\/t\u00f6rzsk\u00f6nyvvv.jpg\"><span style=\"color: #000000;\">Pedigree \/ T\u00f6rzsk\u00f6nyv<\/span><\/a><\/strong><\/span><\/h2>\n<\/td>\n<td>\n<h2 style=\"font-size: 1.5em;\"><span style=\"color: #800000;\"><strong><img loading=\"lazy\" decoding=\"async\" class=\"aligncenter size-full wp-image-872\" style=\"display: block; margin-left: auto; margin-right: auto; border: 0px initial initial;\" src=\"https:\/\/hun.amaruq-chimo.eu\/wp-content\/\/serleg.gif\" alt=\"pedigele\" width=\"80\" height=\"100\"><span style=\"color: #000000;\"><a href=\"https:\/\/hun.amaruq-chimo.eu\/?page_id=22#dharma\" target=\"_blank\" rel=\"noopener noreferrer\"><span style=\"color: #000000;\">Eredm\u00e9nyei<\/span><\/a><\/span><\/strong><\/span><\/h2>\n<\/td>\n<\/tr>\n<\/tbody>\n<\/table>\n<p>&nbsp;<\/p>\n<p>&nbsp;<\/p>\n<h2><span style=\"color: #999999;\"><span style=\"color: #000000;\">Sz\u00fcletett: 2010.07.20.<\/span><\/span><\/h2>\n<h2><span style=\"color: #000000;\">Meghalt: 2020.02.09.&nbsp;<img loading=\"lazy\" decoding=\"async\" class=\"alignnone  wp-image-4475\" src=\"https:\/\/hun.amaruq-chimo.eu\/wp-content\/\/799095-2.gif\" alt=\"\" width=\"51\" height=\"61\"><\/span><\/h2>\n<h2><span style=\"color: #999999;\"><span style=\"color: #000000;\">Magass\u00e1g: 70 cm<\/span><\/span><\/h2>\n<h2><span style=\"color: #999999;\"><span style=\"color: #000000;\">S\u00faly: 51 kg<\/span><\/span><\/h2>\n<p style=\"text-align: center;\"><span style=\"color: #999999;\"><span style=\"color: #000000;\"><a href=\"https:\/\/hun.amaruq-chimo.eu\/wp-content\/\/2011_0716SzombathelyCACIB00172.jpg\"><img loading=\"lazy\" decoding=\"async\" class=\"aligncenter wp-image-1113\" title=\"DHARMA\" src=\"https:\/\/hun.amaruq-chimo.eu\/wp-content\/\/2011_0716SzombathelyCACIB00172-300x225.jpg\" alt=\"DHARMA\" width=\"400\" height=\"265\"><\/a><br \/>\n<\/span><\/span><\/p>\n<p>&nbsp;<\/p>\nngg_shortcode_0_placeholder\n<h2><span style=\"color: #000000;\"><br \/>\n<\/span><\/h2>\n<p>&nbsp;<\/p>\n<p>&nbsp;<\/p>\n","protected":false},"excerpt":{"rendered":"<p>Pedigree \/ T\u00f6rzsk\u00f6nyv Eredm\u00e9nyei &nbsp; &nbsp; Sz\u00fcletett: 2010.07.20. Meghalt: 2020.02.09.&nbsp; Magass\u00e1g: 70 cm S\u00faly: 51 kg &nbsp; &nbsp; &nbsp;<\/p>\n","protected":false},"author":2,"featured_media":0,"parent":0,"menu_order":0,"comment_status":"open","ping_status":"open","template":"","meta":{"ngg_post_thumbnail":0,"footnotes":""},"class_list":["post-683","page","type-page","status-publish","hentry"],"_links":{"self":[{"href":"https:\/\/hun.amaruq-chimo.eu\/index.php?rest_route=\/wp\/v2\/pages\/683","targetHints":{"allow":["GET"]}}],"collection":[{"href":"https:\/\/hun.amaruq-chimo.eu\/index.php?rest_route=\/wp\/v2\/pages"}],"about":[{"href":"https:\/\/hun.amaruq-chimo.eu\/index.php?rest_route=\/wp\/v2\/types\/page"}],"author":[{"embeddable":true,"href":"https:\/\/hun.amaruq-chimo.eu\/index.php?rest_route=\/wp\/v2\/users\/2"}],"replies":[{"embeddable":true,"href":"https:\/\/hun.amaruq-chimo.eu\/index.php?rest_route=%2Fwp%2Fv2%2Fcomments&post=683"}],"version-history":[{"count":22,"href":"https:\/\/hun.amaruq-chimo.eu\/index.php?rest_route=\/wp\/v2\/pages\/683\/revisions"}],"predecessor-version":[{"id":4476,"href":"https:\/\/hun.amaruq-chimo.eu\/index.php?rest_route=\/wp\/v2\/pages\/683\/revisions\/4476"}],"wp:attachment":[{"href":"https:\/\/hun.amaruq-chimo.eu\/index.php?rest_route=%2Fwp%2Fv2%2Fmedia&parent=683"}],"curies":[{"name":"wp","href":"https:\/\/api.w.org\/{rel}","templated":true}]}}