{"id":6659,"date":"2022-05-26T21:37:20","date_gmt":"2022-05-26T20:37:20","guid":{"rendered":"https:\/\/hun.amaruq-chimo.eu\/?page_id=6659"},"modified":"2022-05-27T12:05:29","modified_gmt":"2022-05-27T11:05:29","slug":"6659-2","status":"publish","type":"page","link":"https:\/\/hun.amaruq-chimo.eu\/?page_id=6659","title":{"rendered":""},"content":{"rendered":"<p><img loading=\"lazy\" decoding=\"async\" class=\"aligncenter wp-image-6666\" src=\"https:\/\/hun.amaruq-chimo.eu\/wp-content\/\/sz-alommagy.jpg\" alt=\"\" width=\"573\" height=\"193\" srcset=\"https:\/\/hun.amaruq-chimo.eu\/wp-content\/sz-alommagy.jpg 864w, https:\/\/hun.amaruq-chimo.eu\/wp-content\/sz-alommagy-300x101.jpg 300w, https:\/\/hun.amaruq-chimo.eu\/wp-content\/sz-alommagy-768x259.jpg 768w\" sizes=\"auto, (max-width: 573px) 100vw, 573px\" \/><\/p>\n<h3>&nbsp; &nbsp; &nbsp; &nbsp; &nbsp; &nbsp;&nbsp;<span style=\"color: #000000;\">Amaruq-Chimo&nbsp;Op\u00e1l&nbsp; &nbsp; &nbsp; &nbsp; &nbsp; &nbsp; &nbsp; &nbsp; &nbsp; &nbsp; &nbsp; &nbsp; &nbsp; &nbsp; &nbsp; &nbsp; &nbsp; &nbsp; &nbsp; &nbsp; &nbsp; &nbsp; Vilmos &#8222;Riddick&#8221;<\/span><\/h3>\n<p>&nbsp;<\/p>\n<h2 style=\"text-align: center;\"><span style=\"color: #ff0000;\">2021.12.23-\u00e9n megsz\u00fclettek<\/span><\/h2>\n<h2 style=\"text-align: center;\"><span style=\"color: #ff0000;\">a k\u00f6lyk\u00f6k<\/span><\/h2>\n<p><img loading=\"lazy\" decoding=\"async\" class=\"aligncenter  wp-image-6670\" src=\"https:\/\/hun.amaruq-chimo.eu\/wp-content\/\/20211224_141219.jpg\" alt=\"\" width=\"410\" height=\"447\" srcset=\"https:\/\/hun.amaruq-chimo.eu\/wp-content\/20211224_141219.jpg 1176w, https:\/\/hun.amaruq-chimo.eu\/wp-content\/20211224_141219-276x300.jpg 276w, https:\/\/hun.amaruq-chimo.eu\/wp-content\/20211224_141219-768x836.jpg 768w, https:\/\/hun.amaruq-chimo.eu\/wp-content\/20211224_141219-941x1024.jpg 941w\" sizes=\"auto, (max-width: 410px) 100vw, 410px\" \/><\/p>\n<h2 style=\"text-align: center;\">&nbsp;<\/h2>\n<p>&nbsp;<\/p>\n<p>&nbsp;<\/p>\n<p>&nbsp;<\/p>\nngg_shortcode_0_placeholder\n","protected":false},"excerpt":{"rendered":"<p>&nbsp; &nbsp; &nbsp; &nbsp; &nbsp; &nbsp;&nbsp;Amaruq-Chimo&nbsp;Op\u00e1l&nbsp; &nbsp; &nbsp; &nbsp; &nbsp; &nbsp; &nbsp; &nbsp; &nbsp; &nbsp; &nbsp; &nbsp; &nbsp; &nbsp; &nbsp; &nbsp; &nbsp; &nbsp; &nbsp; &nbsp; &nbsp; &nbsp; Vilmos &#8222;Riddick&#8221; &nbsp; 2021.12.23-\u00e9n megsz\u00fclettek a k\u00f6lyk\u00f6k &nbsp; &nbsp; &nbsp; &nbsp;<\/p>\n","protected":false},"author":2,"featured_media":0,"parent":0,"menu_order":0,"comment_status":"closed","ping_status":"closed","template":"","meta":{"ngg_post_thumbnail":0,"footnotes":""},"class_list":["post-6659","page","type-page","status-publish","hentry"],"_links":{"self":[{"href":"https:\/\/hun.amaruq-chimo.eu\/index.php?rest_route=\/wp\/v2\/pages\/6659","targetHints":{"allow":["GET"]}}],"collection":[{"href":"https:\/\/hun.amaruq-chimo.eu\/index.php?rest_route=\/wp\/v2\/pages"}],"about":[{"href":"https:\/\/hun.amaruq-chimo.eu\/index.php?rest_route=\/wp\/v2\/types\/page"}],"author":[{"embeddable":true,"href":"https:\/\/hun.amaruq-chimo.eu\/index.php?rest_route=\/wp\/v2\/users\/2"}],"replies":[{"embeddable":true,"href":"https:\/\/hun.amaruq-chimo.eu\/index.php?rest_route=%2Fwp%2Fv2%2Fcomments&post=6659"}],"version-history":[{"count":6,"href":"https:\/\/hun.amaruq-chimo.eu\/index.php?rest_route=\/wp\/v2\/pages\/6659\/revisions"}],"predecessor-version":[{"id":6671,"href":"https:\/\/hun.amaruq-chimo.eu\/index.php?rest_route=\/wp\/v2\/pages\/6659\/revisions\/6671"}],"wp:attachment":[{"href":"https:\/\/hun.amaruq-chimo.eu\/index.php?rest_route=%2Fwp%2Fv2%2Fmedia&parent=6659"}],"curies":[{"name":"wp","href":"https:\/\/api.w.org\/{rel}","templated":true}]}}