{"id":6492,"date":"2022-03-10T08:45:17","date_gmt":"2022-03-10T07:45:17","guid":{"rendered":"https:\/\/hun.amaruq-chimo.eu\/?page_id=6492"},"modified":"2023-12-02T17:04:34","modified_gmt":"2023-12-02T16:04:34","slug":"luna","status":"publish","type":"page","link":"https:\/\/hun.amaruq-chimo.eu\/?page_id=6492","title":{"rendered":""},"content":{"rendered":"<table style=\"text-align: center;\" border=\"0\" width=\"100%\">\n<tbody>\n<tr>\n<td style=\"text-align: center;\">\n<h2 style=\"font-size: 1.5em; text-align: center;\"><span style=\"color: #800000;\"><img loading=\"lazy\" decoding=\"async\" class=\"aligncenter size-full wp-image-872\" src=\"https:\/\/hun.amaruq-chimo.eu\/wp-content\/\/pedigele.gif\" alt=\"\" width=\"68\" height=\"97\"><a href=\"https:\/\/hun.amaruq-chimo.eu\/wp-content\/\/luna-t\u00f6rzsk\u00f6nyv-002.jpg\"><span style=\"color: #000000;\">Pedigree \/ T\u00f6rzsk\u00f6nyv<\/span><\/a><\/span><\/h2>\n<\/td>\n<td>\n<h2 style=\"font-size: 1.5em;\"><span style=\"color: #800000;\"><strong><img loading=\"lazy\" decoding=\"async\" class=\"aligncenter size-full wp-image-872\" style=\"display: block; margin-left: auto; margin-right: auto;\" src=\"https:\/\/hun.amaruq-chimo.eu\/wp-content\/\/serleg.gif\" alt=\"pedigele\" width=\"80\" height=\"100\"><a href=\"https:\/\/hun.amaruq-chimo.eu\/?page_id=22#luna\"><span style=\"color: #000000;\">Eredm\u00e9nyei<\/span><\/a><\/strong><\/span><\/h2>\n<\/td>\n<\/tr>\n<\/tbody>\n<\/table>\n<h2><span style=\"color: #000000;\">Sz\u00fcletett: &nbsp; 2021.12.05.<\/span><\/h2>\n<h2><span style=\"color: #000000;\">Magass\u00e1g:&nbsp; 68cm<\/span><\/h2>\n<h2><span style=\"color: #000000;\">S\u00faly: 57kg<\/span><\/h2>\n<p><img loading=\"lazy\" decoding=\"async\" class=\"aligncenter wp-image-6516\" src=\"https:\/\/hun.amaruq-chimo.eu\/wp-content\/\/20220306_163110-703x1024.jpg\" alt=\"\" width=\"363\" height=\"529\" srcset=\"https:\/\/hun.amaruq-chimo.eu\/wp-content\/20220306_163110-703x1024.jpg 703w, https:\/\/hun.amaruq-chimo.eu\/wp-content\/20220306_163110-206x300.jpg 206w, https:\/\/hun.amaruq-chimo.eu\/wp-content\/20220306_163110-768x1119.jpg 768w, https:\/\/hun.amaruq-chimo.eu\/wp-content\/20220306_163110.jpg 1032w\" sizes=\"auto, (max-width: 363px) 100vw, 363px\" \/><\/p>\n<p>&nbsp;<\/p>\nngg_shortcode_0_placeholder\n<h2><span style=\"color: #000000;\"><br \/>\n<\/span><\/h2>\n","protected":false},"excerpt":{"rendered":"<p>Pedigree \/ T\u00f6rzsk\u00f6nyv Eredm\u00e9nyei Sz\u00fcletett: &nbsp; 2021.12.05. Magass\u00e1g:&nbsp; 68cm S\u00faly: 57kg &nbsp;<\/p>\n","protected":false},"author":2,"featured_media":0,"parent":0,"menu_order":0,"comment_status":"closed","ping_status":"closed","template":"","meta":{"ngg_post_thumbnail":0,"footnotes":""},"class_list":["post-6492","page","type-page","status-publish","hentry"],"_links":{"self":[{"href":"https:\/\/hun.amaruq-chimo.eu\/index.php?rest_route=\/wp\/v2\/pages\/6492","targetHints":{"allow":["GET"]}}],"collection":[{"href":"https:\/\/hun.amaruq-chimo.eu\/index.php?rest_route=\/wp\/v2\/pages"}],"about":[{"href":"https:\/\/hun.amaruq-chimo.eu\/index.php?rest_route=\/wp\/v2\/types\/page"}],"author":[{"embeddable":true,"href":"https:\/\/hun.amaruq-chimo.eu\/index.php?rest_route=\/wp\/v2\/users\/2"}],"replies":[{"embeddable":true,"href":"https:\/\/hun.amaruq-chimo.eu\/index.php?rest_route=%2Fwp%2Fv2%2Fcomments&post=6492"}],"version-history":[{"count":9,"href":"https:\/\/hun.amaruq-chimo.eu\/index.php?rest_route=\/wp\/v2\/pages\/6492\/revisions"}],"predecessor-version":[{"id":6808,"href":"https:\/\/hun.amaruq-chimo.eu\/index.php?rest_route=\/wp\/v2\/pages\/6492\/revisions\/6808"}],"wp:attachment":[{"href":"https:\/\/hun.amaruq-chimo.eu\/index.php?rest_route=%2Fwp%2Fv2%2Fmedia&parent=6492"}],"curies":[{"name":"wp","href":"https:\/\/api.w.org\/{rel}","templated":true}]}}