{"id":57,"date":"2009-10-01T22:24:40","date_gmt":"2009-10-01T22:24:40","guid":{"rendered":"http:\/\/amaruq-chimo.com\/?page_id=57"},"modified":"2020-07-21T17:37:22","modified_gmt":"2020-07-21T16:37:22","slug":"szuka-lago-khy-do-khy-dge-szpjod-siva","status":"publish","type":"page","link":"https:\/\/hun.amaruq-chimo.eu\/?page_id=57","title":{"rendered":"S\u00cdVA (LAGO-KHY-DO-KHY DGE-SZPJOD) &quot;SZUKA&quot;"},"content":{"rendered":"<table style=\"text-align: center;\" border=\"0\" width=\"100%\">\n<tbody>\n<tr>\n<td style=\"text-align: center;\">\n<h2 style=\"font-size: 1.5em; text-align: center;\"><span style=\"color: #800000;\"><strong><img loading=\"lazy\" decoding=\"async\" class=\"aligncenter size-full wp-image-872\" src=\"https:\/\/hun.amaruq-chimo.eu\/wp-content\/\/pedigele.gif\" alt=\"\" width=\"68\" height=\"97\"><span style=\"color: #000000;\"><a href=\"https:\/\/hun.amaruq-chimo.eu\/wp-content\/\/Siva-torzskonyv.jpg\" target=\"_blank\" rel=\"noopener noreferrer\"><span style=\"color: #000000;\">Pedigree \/ T\u00f6rzsk\u00f6nyv<\/span><\/a> <\/span><\/strong><\/span><\/h2>\n<\/td>\n<td>\n<h2 style=\"font-size: 1.5em;\"><span style=\"color: #800000;\"><strong><img loading=\"lazy\" decoding=\"async\" class=\"aligncenter size-full wp-image-872\" style=\"display: block; margin-left: auto; margin-right: auto; border: 0px initial initial;\" src=\"https:\/\/hun.amaruq-chimo.eu\/wp-content\/\/serleg.gif\" alt=\"pedigele\" width=\"80\" height=\"100\"><span style=\"color: #000000;\"><a href=\"https:\/\/hun.amaruq-chimo.eu\/?page_id=22#siva\" target=\"_blank\" rel=\"noopener noreferrer\"><span style=\"color: #000000;\">Eredm\u00e9nyei<\/span><\/a><\/span><\/strong><\/span><\/h2>\n<\/td>\n<\/tr>\n<\/tbody>\n<\/table>\n<h2><span style=\"color: #000000;\">Sz\u00fcletett: 2008.01.19.<\/span><\/h2>\n<h2><span style=\"color: #000000;\">Meghalt: 2020.07.21.<img loading=\"lazy\" decoding=\"async\" class=\"alignnone  wp-image-4475\" src=\"https:\/\/hun.amaruq-chimo.eu\/wp-content\/\/799095-2.gif\" alt=\"\" width=\"54\" height=\"65\"><\/span><\/h2>\n<h2><span style=\"color: #000000;\">Magass\u00e1g: 71 cm<\/span><\/h2>\n<h2><span style=\"color: #000000;\">S\u00faly: 56 kg<\/span><\/h2>\n<p style=\"text-align: center;\"><a href=\"https:\/\/hun.amaruq-chimo.eu\/?attachment_id=1640\" rel=\"attachment wp-att-1640\"><img loading=\"lazy\" decoding=\"async\" class=\"aligncenter wp-image-1640\" title=\"S\u00edva2\" src=\"https:\/\/hun.amaruq-chimo.eu\/wp-content\/\/S\u00edva2.jpg\" alt=\"\" width=\"244\" height=\"358\" srcset=\"https:\/\/hun.amaruq-chimo.eu\/wp-content\/S\u00edva2.jpg 407w, https:\/\/hun.amaruq-chimo.eu\/wp-content\/S\u00edva2-204x300.jpg 204w\" sizes=\"auto, (max-width: 244px) 100vw, 244px\" \/><\/a><\/p>\n<p>&nbsp;<\/p>\nngg_shortcode_0_placeholder\n<h2>&nbsp;<\/h2>\n","protected":false},"excerpt":{"rendered":"<p>Pedigree \/ T\u00f6rzsk\u00f6nyv Eredm\u00e9nyei Sz\u00fcletett: 2008.01.19. Meghalt: 2020.07.21. Magass\u00e1g: 71 cm S\u00faly: 56 kg &nbsp; &nbsp;<\/p>\n","protected":false},"author":2,"featured_media":0,"parent":6,"menu_order":0,"comment_status":"open","ping_status":"open","template":"","meta":{"ngg_post_thumbnail":0,"footnotes":""},"class_list":["post-57","page","type-page","status-publish","hentry"],"_links":{"self":[{"href":"https:\/\/hun.amaruq-chimo.eu\/index.php?rest_route=\/wp\/v2\/pages\/57","targetHints":{"allow":["GET"]}}],"collection":[{"href":"https:\/\/hun.amaruq-chimo.eu\/index.php?rest_route=\/wp\/v2\/pages"}],"about":[{"href":"https:\/\/hun.amaruq-chimo.eu\/index.php?rest_route=\/wp\/v2\/types\/page"}],"author":[{"embeddable":true,"href":"https:\/\/hun.amaruq-chimo.eu\/index.php?rest_route=\/wp\/v2\/users\/2"}],"replies":[{"embeddable":true,"href":"https:\/\/hun.amaruq-chimo.eu\/index.php?rest_route=%2Fwp%2Fv2%2Fcomments&post=57"}],"version-history":[{"count":16,"href":"https:\/\/hun.amaruq-chimo.eu\/index.php?rest_route=\/wp\/v2\/pages\/57\/revisions"}],"predecessor-version":[{"id":4519,"href":"https:\/\/hun.amaruq-chimo.eu\/index.php?rest_route=\/wp\/v2\/pages\/57\/revisions\/4519"}],"up":[{"embeddable":true,"href":"https:\/\/hun.amaruq-chimo.eu\/index.php?rest_route=\/wp\/v2\/pages\/6"}],"wp:attachment":[{"href":"https:\/\/hun.amaruq-chimo.eu\/index.php?rest_route=%2Fwp%2Fv2%2Fmedia&parent=57"}],"curies":[{"name":"wp","href":"https:\/\/api.w.org\/{rel}","templated":true}]}}