{"id":559,"date":"2010-06-01T12:09:27","date_gmt":"2010-06-01T11:09:27","guid":{"rendered":"https:\/\/hun.amaruq-chimo.eu\/?page_id=559"},"modified":"2013-02-25T14:21:59","modified_gmt":"2013-02-25T13:21:59","slug":"elado-kolykok","status":"publish","type":"page","link":"https:\/\/hun.amaruq-chimo.eu\/?page_id=559","title":{"rendered":"Elad\u00f3 k\u00f6lyk\u00f6k <font color=red>!!<\/font>"},"content":{"rendered":"<h1><img loading=\"lazy\" decoding=\"async\" title=\"lll\" alt=\"lll\" src=\"https:\/\/hun.amaruq-chimo.eu\/wp-content\/\/lll3.jpg\" width=\"140\" height=\"121\" \/><span style=\"color: #000000;\"><a href=\"https:\/\/hun.amaruq-chimo.eu\/?page_id=599\"><span style=\"color: #000000;\">Elad\u00f3 Szuk\u00e1k<\/span><\/a><\/span><\/h1>\n<h1><img loading=\"lazy\" decoding=\"async\" title=\"kkk\" alt=\"kkk\" src=\"https:\/\/hun.amaruq-chimo.eu\/wp-content\/\/kkk3.jpg\" width=\"140\" height=\"130\" \/><span style=\"color: #000000;\"><a href=\"https:\/\/hun.amaruq-chimo.eu\/?page_id=600\"><span style=\"color: #000000;\">Elad\u00f3 Kanok<\/span><\/a><\/span><\/h1>\n","protected":false},"excerpt":{"rendered":"<p>Elad\u00f3 Szuk\u00e1k Elad\u00f3 Kanok<\/p>\n","protected":false},"author":2,"featured_media":0,"parent":0,"menu_order":4,"comment_status":"open","ping_status":"open","template":"","meta":{"ngg_post_thumbnail":0,"footnotes":""},"class_list":["post-559","page","type-page","status-publish","hentry"],"_links":{"self":[{"href":"https:\/\/hun.amaruq-chimo.eu\/index.php?rest_route=\/wp\/v2\/pages\/559","targetHints":{"allow":["GET"]}}],"collection":[{"href":"https:\/\/hun.amaruq-chimo.eu\/index.php?rest_route=\/wp\/v2\/pages"}],"about":[{"href":"https:\/\/hun.amaruq-chimo.eu\/index.php?rest_route=\/wp\/v2\/types\/page"}],"author":[{"embeddable":true,"href":"https:\/\/hun.amaruq-chimo.eu\/index.php?rest_route=\/wp\/v2\/users\/2"}],"replies":[{"embeddable":true,"href":"https:\/\/hun.amaruq-chimo.eu\/index.php?rest_route=%2Fwp%2Fv2%2Fcomments&post=559"}],"version-history":[{"count":44,"href":"https:\/\/hun.amaruq-chimo.eu\/index.php?rest_route=\/wp\/v2\/pages\/559\/revisions"}],"predecessor-version":[{"id":563,"href":"https:\/\/hun.amaruq-chimo.eu\/index.php?rest_route=\/wp\/v2\/pages\/559\/revisions\/563"}],"wp:attachment":[{"href":"https:\/\/hun.amaruq-chimo.eu\/index.php?rest_route=%2Fwp%2Fv2%2Fmedia&parent=559"}],"curies":[{"name":"wp","href":"https:\/\/api.w.org\/{rel}","templated":true}]}}