{"id":533,"date":"2010-04-08T14:53:48","date_gmt":"2010-04-08T13:53:48","guid":{"rendered":"https:\/\/hun.amaruq-chimo.eu\/?page_id=533"},"modified":"2022-03-24T16:28:13","modified_gmt":"2022-03-24T15:28:13","slug":"533-2","status":"publish","type":"page","link":"https:\/\/hun.amaruq-chimo.eu\/?page_id=533","title":{"rendered":""},"content":{"rendered":"<table style=\"text-align: center;\" border=\"0\" width=\"100%\">\n<tbody>\n<tr>\n<td style=\"text-align: center;\">\n<h2 style=\"font-size: 1.5em; text-align: center;\"><span style=\"color: #800000;\"><strong><img loading=\"lazy\" decoding=\"async\" class=\"aligncenter size-full wp-image-872\" src=\"https:\/\/hun.amaruq-chimo.eu\/wp-content\/\/pedigele.gif\" alt=\"\" width=\"68\" height=\"97\"><span style=\"color: #000000;\"><a href=\"https:\/\/hun.amaruq-chimo.eu\/wp-content\/IZISZ.jpg\"><span style=\"color: #000000;\">Pedigree \/ T\u00f6rzsk\u00f6nyv<\/span><\/a><\/span><\/strong><\/span><\/h2>\n<\/td>\n<td>\n<h2 style=\"font-size: 1.5em;\"><span style=\"color: #800000;\"><strong><img loading=\"lazy\" decoding=\"async\" class=\"aligncenter size-full wp-image-872\" style=\"display: block; margin-left: auto; margin-right: auto; border: 0px initial initial;\" src=\"https:\/\/hun.amaruq-chimo.eu\/wp-content\/\/serleg.gif\" alt=\"pedigele\" width=\"80\" height=\"100\"><span style=\"color: #000000;\"><a href=\"https:\/\/hun.amaruq-chimo.eu\/?page_id=22#izis\" target=\"_blank\" rel=\"noopener noreferrer\"><span style=\"color: #000000;\">Eredm\u00e9nyei<\/span><\/a><\/span><\/strong><\/span><\/h2>\n<\/td>\n<\/tr>\n<\/tbody>\n<\/table>\n<h2><span style=\"color: #000000;\">Sz\u00fcletett: 2009.12.17.<\/span><\/h2>\n<h2><span style=\"color: #000000;\">Meghalt: 2022.03.17.&nbsp;<img loading=\"lazy\" decoding=\"async\" class=\"alignnone  wp-image-4475\" src=\"https:\/\/hun.amaruq-chimo.eu\/wp-content\/\/799095-2.gif\" alt=\"\" width=\"49\" height=\"59\"><\/span><\/h2>\n<h2><span style=\"color: #000000;\">Magass\u00e1g:&nbsp;67 cm<\/span><\/h2>\n<h2><span style=\"color: #000000;\"><span style=\"color: #000000;\">S\u00faly: 49 k<\/span><span style=\"color: #000000;\">g<\/span><\/span><\/h2>\n<p style=\"text-align: center;\"><a href=\"https:\/\/hun.amaruq-chimo.eu\/wp-content\/\/PA300046.jpg\"><img loading=\"lazy\" decoding=\"async\" class=\"aligncenter wp-image-706\" title=\"PA300046\" src=\"https:\/\/hun.amaruq-chimo.eu\/wp-content\/\/PA300046-300x225.jpg\" alt=\"PA300046\" width=\"400\" height=\"265\"><\/a><\/p>\nngg_shortcode_0_placeholder\n<h2>&nbsp;<\/h2>\n","protected":false},"excerpt":{"rendered":"<p>Pedigree \/ T\u00f6rzsk\u00f6nyv Eredm\u00e9nyei Sz\u00fcletett: 2009.12.17. Meghalt: 2022.03.17.&nbsp; Magass\u00e1g:&nbsp;67 cm S\u00faly: 49 kg &nbsp;<\/p>\n","protected":false},"author":2,"featured_media":0,"parent":0,"menu_order":0,"comment_status":"open","ping_status":"open","template":"","meta":{"ngg_post_thumbnail":0,"footnotes":""},"class_list":["post-533","page","type-page","status-publish","hentry"],"_links":{"self":[{"href":"https:\/\/hun.amaruq-chimo.eu\/index.php?rest_route=\/wp\/v2\/pages\/533","targetHints":{"allow":["GET"]}}],"collection":[{"href":"https:\/\/hun.amaruq-chimo.eu\/index.php?rest_route=\/wp\/v2\/pages"}],"about":[{"href":"https:\/\/hun.amaruq-chimo.eu\/index.php?rest_route=\/wp\/v2\/types\/page"}],"author":[{"embeddable":true,"href":"https:\/\/hun.amaruq-chimo.eu\/index.php?rest_route=\/wp\/v2\/users\/2"}],"replies":[{"embeddable":true,"href":"https:\/\/hun.amaruq-chimo.eu\/index.php?rest_route=%2Fwp%2Fv2%2Fcomments&post=533"}],"version-history":[{"count":16,"href":"https:\/\/hun.amaruq-chimo.eu\/index.php?rest_route=\/wp\/v2\/pages\/533\/revisions"}],"predecessor-version":[{"id":6639,"href":"https:\/\/hun.amaruq-chimo.eu\/index.php?rest_route=\/wp\/v2\/pages\/533\/revisions\/6639"}],"wp:attachment":[{"href":"https:\/\/hun.amaruq-chimo.eu\/index.php?rest_route=%2Fwp%2Fv2%2Fmedia&parent=533"}],"curies":[{"name":"wp","href":"https:\/\/api.w.org\/{rel}","templated":true}]}}