{"id":5,"date":"2009-06-22T10:48:52","date_gmt":"2009-06-22T10:48:52","guid":{"rendered":"http:\/\/amaruq-chimo.com\/?page_id=3"},"modified":"2010-07-10T04:53:22","modified_gmt":"2010-07-10T03:53:22","slug":"a-fajta","status":"publish","type":"page","link":"https:\/\/hun.amaruq-chimo.eu\/?page_id=5","title":{"rendered":"Fajtaismertet\u0151"},"content":{"rendered":"<p style=\"text-align: justify;\"><img loading=\"lazy\" decoding=\"async\" class=\"alignleft size-thumbnail wp-image-282\" title=\"20081228164413\" src=\"https:\/\/hun.amaruq-chimo.eu\/wp-content\/20081228164413-150x150.jpg\" alt=\"20081228164413\" width=\"150\" height=\"150\" \/>Minden tibeti kolostornak megvoltak a maga \u0151rkuty\u00e1i.<br \/>\nA tibeti masztiff v\u00e9rm\u00e9rs\u00e9klete az egyik legvonz\u00f3bb tulajdons\u00e1ga, de t\u00fckr\u00f6zi t\u00f6bb \u00e9vsz\u00e1zados \u0151rz\u00e9ssel kapcsolatos feladatait is.<br \/>\nNem b\u00edzik az idegenekben. Nem vad teremtm\u00e9ny,de nem is osztogatja kegyeit mindenkinek.<br \/>\nA tibeti masztiff emberk\u00f6zpont\u00fa fajta, de minden j\u00f6vev\u00e9nnyel szemben megv\u00e9di ter\u00fclet\u00e9t \u00e9s gazd\u00e1it.<\/p>\n<p style=\"text-align: justify;\">A legfontosabb dolog, amit a fajtastandarddal kapcsolatban \u00e9szre kell venni, hogy a tibeti masztiff m\u00e9ret\u00e9t \u00e9s erej\u00e9t hangs\u00falyozza. Ez nem egy v\u00e9kony, finom fajta. J\u00f3 csontozata \u00e9s t\u00f6mege legyen. Teljesen kifejl\u0151dve pedig legyen test\u0151r.<br \/>\nA koponya \u00e9s a pofa sz\u00e9les. A f\u00fcltart\u00e1s fontos a fej korrekt ar\u00e1nyaihoz. A f\u00fclek ne legyenek t\u00fal alacsonyan t\u0171zve, ha pedig a kutya figyel a f\u00fclek emelkedjenek meg, \u00edgy a koponyatet\u0151vel egyenes vonalat alkotnak. A nyak er\u0151s \u00e9s j\u00f3l \u00edvelt. A mells\u0151 r\u00e9sz er\u0151s \u00e9s izmos, a l\u00e1bak egyenesek. A t\u00f6rzs er\u0151s \u00e9s enyh\u00e9n hosszabb a marmagass\u00e1gn\u00e1l, a mellkas m\u00e9ly, a bord\u00e1k el\u00e9gg\u00e9 \u00edveltek. A h\u00e1tols\u00f3 r\u00e9sz er\u0151teljes, izmos, j\u00f3l sz\u00f6gelt.<br \/>\nA tibeti masztiffnak el\u00e9g nagy, t\u00f6m\u00f6r macskamancsa van, az ujjak k\u00f6z\u00f6tti sz\u0151rzet a h\u00f3t\u00f3l v\u00e9di.<br \/>\nA farok d\u00fas sz\u0151r\u0171 ( kiv\u00e9tel a vedl\u00e9s id\u0151szaka), amikor a kutya figyel vagy mozog, a h\u00e1ton hordott.<br \/>\nC\u00e9ltudatos, t\u00e9r\u00f6lel\u0151 mozg\u00e1ssal kell haladnia. F\u00fcrge, k\u00f6nnyed\u00e9n mozog, m\u00e9rete nem akad\u00e1lyozza abban, hogy k\u00fcl\u00f6n\u00f6sen mozg\u00e9kony legyen.<br \/>\nK\u00e9sz szabadul\u00f3 m\u0171v\u00e9sz!<br \/>\nA sz\u00f6rzet viszonylag hossz\u00fa, d\u00fas, er\u0151s, egyenes sz\u0151rsz\u00e1lakkal. A nyak \u00e9s a v\u00e1llak d\u00fas sz\u0151r\u00fcek, mint egy s\u00f6r\u00e9ny. Eredetileg a ragadoz\u00f3k elleni harc sor\u00e1n ny\u00fajtott v\u00e9delmet.<br \/>\n<!--more--><img loading=\"lazy\" decoding=\"async\" class=\"alignleft size-thumbnail wp-image-283\" title=\"12397817985585_mini\" src=\"https:\/\/hun.amaruq-chimo.eu\/wp-content\/12397817985585_mini-150x150.jpg\" alt=\"12397817985585_mini\" width=\"150\" height=\"150\" \/>Sokf\u00e9le sz\u00edn megengedett: fekete, fekete-cser, az arany k\u00fcl\u00f6nf\u00e9le \u00e1rnyalatai \u00e9s a sz\u00fcrke is arany jegyekkel. Feh\u00e9r folt a mellkason \u00e9s minim\u00e1lis feh\u00e9r sz\u00edn a mancsokon megengedett.<\/p>\n","protected":false},"excerpt":{"rendered":"<p>Minden tibeti kolostornak megvoltak a maga \u0151rkuty\u00e1i. A tibeti masztiff v\u00e9rm\u00e9rs\u00e9klete az egyik legvonz\u00f3bb tulajdons\u00e1ga, de t\u00fckr\u00f6zi t\u00f6bb \u00e9vsz\u00e1zados \u0151rz\u00e9ssel kapcsolatos feladatait is. Nem b\u00edzik az idegenekben. Nem vad teremtm\u00e9ny,de nem is osztogatja kegyeit mindenkinek. A tibeti masztiff emberk\u00f6zpont\u00fa fajta, de minden j\u00f6vev\u00e9nnyel szemben megv\u00e9di ter\u00fclet\u00e9t \u00e9s gazd\u00e1it. A legfontosabb dolog, amit a fajtastandarddal kapcsolatban [&hellip;]<\/p>\n","protected":false},"author":2,"featured_media":0,"parent":30,"menu_order":0,"comment_status":"open","ping_status":"open","template":"","meta":{"ngg_post_thumbnail":0,"footnotes":""},"class_list":["post-5","page","type-page","status-publish","hentry"],"_links":{"self":[{"href":"https:\/\/hun.amaruq-chimo.eu\/index.php?rest_route=\/wp\/v2\/pages\/5","targetHints":{"allow":["GET"]}}],"collection":[{"href":"https:\/\/hun.amaruq-chimo.eu\/index.php?rest_route=\/wp\/v2\/pages"}],"about":[{"href":"https:\/\/hun.amaruq-chimo.eu\/index.php?rest_route=\/wp\/v2\/types\/page"}],"author":[{"embeddable":true,"href":"https:\/\/hun.amaruq-chimo.eu\/index.php?rest_route=\/wp\/v2\/users\/2"}],"replies":[{"embeddable":true,"href":"https:\/\/hun.amaruq-chimo.eu\/index.php?rest_route=%2Fwp%2Fv2%2Fcomments&post=5"}],"version-history":[{"count":1,"href":"https:\/\/hun.amaruq-chimo.eu\/index.php?rest_route=\/wp\/v2\/pages\/5\/revisions"}],"predecessor-version":[{"id":605,"href":"https:\/\/hun.amaruq-chimo.eu\/index.php?rest_route=\/wp\/v2\/pages\/5\/revisions\/605"}],"up":[{"embeddable":true,"href":"https:\/\/hun.amaruq-chimo.eu\/index.php?rest_route=\/wp\/v2\/pages\/30"}],"wp:attachment":[{"href":"https:\/\/hun.amaruq-chimo.eu\/index.php?rest_route=%2Fwp%2Fv2%2Fmedia&parent=5"}],"curies":[{"name":"wp","href":"https:\/\/api.w.org\/{rel}","templated":true}]}}