{"id":4570,"date":"2020-12-21T17:50:29","date_gmt":"2020-12-21T16:50:29","guid":{"rendered":"https:\/\/hun.amaruq-chimo.eu\/?page_id=4570"},"modified":"2021-12-05T16:12:50","modified_gmt":"2021-12-05T15:12:50","slug":"ara-sherpa","status":"publish","type":"page","link":"https:\/\/hun.amaruq-chimo.eu\/?page_id=4570","title":{"rendered":"ARA (SHERPA)"},"content":{"rendered":"<table style=\"text-align: center;\" border=\"0\" width=\"100%\">\n<tbody>\n<tr>\n<td style=\"text-align: center;\">\n<h2 style=\"font-size: 1.5em; text-align: center;\"><span style=\"color: #800000;\"><img loading=\"lazy\" decoding=\"async\" class=\"aligncenter size-full wp-image-872\" src=\"https:\/\/hun.amaruq-chimo.eu\/wp-content\/\/pedigele.gif\" alt=\"\" width=\"68\" height=\"97\"><a href=\"https:\/\/hun.amaruq-chimo.eu\/wp-content\/\/sherpa_torzskonyv.jpg\"><span style=\"color: #000000;\">Pedigree \/ T\u00f6rzsk\u00f6nyv<\/span><\/a><\/span><\/h2>\n<\/td>\n<td>\n<h2 style=\"font-size: 1.5em;\"><span style=\"color: #800000;\"><strong><img loading=\"lazy\" decoding=\"async\" class=\"aligncenter size-full wp-image-872\" style=\"display: block; margin-left: auto; margin-right: auto;\" src=\"https:\/\/hun.amaruq-chimo.eu\/wp-content\/\/serleg.gif\" alt=\"pedigele\" width=\"80\" height=\"100\"><a href=\"https:\/\/hun.amaruq-chimo.eu\/?page_id=22#ara\"><span style=\"color: #000000;\">Eredm\u00e9nyei<\/span><\/a><\/strong><\/span><\/h2>\n<\/td>\n<\/tr>\n<\/tbody>\n<\/table>\n<h2><span style=\"color: #000000;\">Sz\u00fcletett: &nbsp; 2019.11.18.<\/span><\/h2>\n<h2><span style=\"color: #000000;\">Magass\u00e1g:&nbsp; 69cm<\/span><\/h2>\n<h2><span style=\"color: #000000;\">S\u00faly: 58kg<\/span><\/h2>\n<p><img loading=\"lazy\" decoding=\"async\" class=\"aligncenter wp-image-4608\" src=\"https:\/\/hun.amaruq-chimo.eu\/wp-content\/\/2020.11.29-050.jpg\" alt=\"\" width=\"432\" height=\"381\" srcset=\"https:\/\/hun.amaruq-chimo.eu\/wp-content\/2020.11.29-050.jpg 850w, https:\/\/hun.amaruq-chimo.eu\/wp-content\/2020.11.29-050-300x265.jpg 300w, https:\/\/hun.amaruq-chimo.eu\/wp-content\/2020.11.29-050-768x678.jpg 768w\" sizes=\"auto, (max-width: 432px) 100vw, 432px\" \/><\/p>\n<p>&nbsp;<\/p>\nngg_shortcode_0_placeholder\n<h2><span style=\"color: #000000;\"><br \/>\n<\/span><\/h2>\n","protected":false},"excerpt":{"rendered":"<p>Pedigree \/ T\u00f6rzsk\u00f6nyv Eredm\u00e9nyei Sz\u00fcletett: &nbsp; 2019.11.18. Magass\u00e1g:&nbsp; 69cm S\u00faly: 58kg &nbsp;<\/p>\n","protected":false},"author":2,"featured_media":0,"parent":0,"menu_order":0,"comment_status":"closed","ping_status":"closed","template":"","meta":{"ngg_post_thumbnail":0,"footnotes":""},"class_list":["post-4570","page","type-page","status-publish","hentry"],"_links":{"self":[{"href":"https:\/\/hun.amaruq-chimo.eu\/index.php?rest_route=\/wp\/v2\/pages\/4570","targetHints":{"allow":["GET"]}}],"collection":[{"href":"https:\/\/hun.amaruq-chimo.eu\/index.php?rest_route=\/wp\/v2\/pages"}],"about":[{"href":"https:\/\/hun.amaruq-chimo.eu\/index.php?rest_route=\/wp\/v2\/types\/page"}],"author":[{"embeddable":true,"href":"https:\/\/hun.amaruq-chimo.eu\/index.php?rest_route=\/wp\/v2\/users\/2"}],"replies":[{"embeddable":true,"href":"https:\/\/hun.amaruq-chimo.eu\/index.php?rest_route=%2Fwp%2Fv2%2Fcomments&post=4570"}],"version-history":[{"count":9,"href":"https:\/\/hun.amaruq-chimo.eu\/index.php?rest_route=\/wp\/v2\/pages\/4570\/revisions"}],"predecessor-version":[{"id":6427,"href":"https:\/\/hun.amaruq-chimo.eu\/index.php?rest_route=\/wp\/v2\/pages\/4570\/revisions\/6427"}],"wp:attachment":[{"href":"https:\/\/hun.amaruq-chimo.eu\/index.php?rest_route=%2Fwp%2Fv2%2Fmedia&parent=4570"}],"curies":[{"name":"wp","href":"https:\/\/api.w.org\/{rel}","templated":true}]}}