{"id":4538,"date":"2020-12-20T16:35:45","date_gmt":"2020-12-20T15:35:45","guid":{"rendered":"https:\/\/hun.amaruq-chimo.eu\/?page_id=4538"},"modified":"2021-02-07T19:15:00","modified_gmt":"2021-02-07T18:15:00","slug":"4538-2","status":"publish","type":"page","link":"https:\/\/hun.amaruq-chimo.eu\/?page_id=4538","title":{"rendered":""},"content":{"rendered":"<p><img loading=\"lazy\" decoding=\"async\" class=\"aligncenter\" src=\"https:\/\/hun.amaruq-chimo.eu\/wp-content\/\/s-alommagy.jpg\" alt=\"\" width=\"555\" height=\"185\"><\/p>\n<h3>&nbsp; &nbsp; &nbsp; &nbsp; &nbsp; &nbsp;&nbsp;<span style=\"color: #000000;\">Amaruq-Chimo&nbsp;Op\u00e1l&nbsp; &nbsp; &nbsp; &nbsp; &nbsp; &nbsp; &nbsp; &nbsp; &nbsp; &nbsp; &nbsp; &nbsp; &nbsp; &nbsp; &nbsp; &nbsp; &nbsp; &nbsp; &nbsp; &nbsp; &nbsp; &nbsp; Vilmos &#8222;Riddick&#8221;<\/span><\/h3>\n<p>&nbsp;<\/p>\n<h2 style=\"text-align: center;\"><span style=\"color: #ff0000;\">2021.01.17-\u00e9n megsz\u00fclettek<\/span><\/h2>\n<h2 style=\"text-align: center;\"><span style=\"color: #ff0000;\">a k\u00f6lyk\u00f6k<\/span><\/h2>\n<p><img loading=\"lazy\" decoding=\"async\" class=\"aligncenter  wp-image-5403\" src=\"https:\/\/hun.amaruq-chimo.eu\/wp-content\/\/1-h\u00e9t-001-1024x768.jpg\" alt=\"\" width=\"590\" height=\"442\" srcset=\"https:\/\/hun.amaruq-chimo.eu\/wp-content\/1-h\u00e9t-001-1024x768.jpg 1024w, https:\/\/hun.amaruq-chimo.eu\/wp-content\/1-h\u00e9t-001-300x225.jpg 300w, https:\/\/hun.amaruq-chimo.eu\/wp-content\/1-h\u00e9t-001-768x576.jpg 768w, https:\/\/hun.amaruq-chimo.eu\/wp-content\/1-h\u00e9t-001.jpg 1280w\" sizes=\"auto, (max-width: 590px) 100vw, 590px\" \/><\/p>\n<h2 style=\"text-align: center;\">&nbsp;<\/h2>\n<p>&nbsp;<\/p>\n<p>&nbsp;<\/p>\n<p>&nbsp;<\/p>\nngg_shortcode_0_placeholder\n","protected":false},"excerpt":{"rendered":"<p>&nbsp; &nbsp; &nbsp; &nbsp; &nbsp; &nbsp;&nbsp;Amaruq-Chimo&nbsp;Op\u00e1l&nbsp; &nbsp; &nbsp; &nbsp; &nbsp; &nbsp; &nbsp; &nbsp; &nbsp; &nbsp; &nbsp; &nbsp; &nbsp; &nbsp; &nbsp; &nbsp; &nbsp; &nbsp; &nbsp; &nbsp; &nbsp; &nbsp; Vilmos &#8222;Riddick&#8221; &nbsp; 2021.01.17-\u00e9n megsz\u00fclettek a k\u00f6lyk\u00f6k &nbsp; &nbsp; &nbsp; &nbsp;<\/p>\n","protected":false},"author":2,"featured_media":0,"parent":0,"menu_order":0,"comment_status":"closed","ping_status":"closed","template":"","meta":{"ngg_post_thumbnail":0,"footnotes":""},"class_list":["post-4538","page","type-page","status-publish","hentry"],"_links":{"self":[{"href":"https:\/\/hun.amaruq-chimo.eu\/index.php?rest_route=\/wp\/v2\/pages\/4538","targetHints":{"allow":["GET"]}}],"collection":[{"href":"https:\/\/hun.amaruq-chimo.eu\/index.php?rest_route=\/wp\/v2\/pages"}],"about":[{"href":"https:\/\/hun.amaruq-chimo.eu\/index.php?rest_route=\/wp\/v2\/types\/page"}],"author":[{"embeddable":true,"href":"https:\/\/hun.amaruq-chimo.eu\/index.php?rest_route=\/wp\/v2\/users\/2"}],"replies":[{"embeddable":true,"href":"https:\/\/hun.amaruq-chimo.eu\/index.php?rest_route=%2Fwp%2Fv2%2Fcomments&post=4538"}],"version-history":[{"count":8,"href":"https:\/\/hun.amaruq-chimo.eu\/index.php?rest_route=\/wp\/v2\/pages\/4538\/revisions"}],"predecessor-version":[{"id":5404,"href":"https:\/\/hun.amaruq-chimo.eu\/index.php?rest_route=\/wp\/v2\/pages\/4538\/revisions\/5404"}],"wp:attachment":[{"href":"https:\/\/hun.amaruq-chimo.eu\/index.php?rest_route=%2Fwp%2Fv2%2Fmedia&parent=4538"}],"curies":[{"name":"wp","href":"https:\/\/api.w.org\/{rel}","templated":true}]}}