{"id":451,"date":"2009-12-22T15:54:24","date_gmt":"2009-12-22T14:54:24","guid":{"rendered":"https:\/\/hun.amaruq-chimo.eu\/?page_id=451"},"modified":"2013-11-02T16:56:14","modified_gmt":"2013-11-02T15:56:14","slug":"b-alom","status":"publish","type":"page","link":"https:\/\/hun.amaruq-chimo.eu\/?page_id=451","title":{"rendered":""},"content":{"rendered":"<pre style=\"font: normal normal normal 12px\/18px Consolas, Monaco, 'Courier New', Courier, monospace;\"><\/pre>\n<pre style=\"font: normal normal normal 12px\/18px Consolas, Monaco, 'Courier New', Courier, monospace;\"><\/pre>\n<h3><img loading=\"lazy\" decoding=\"async\" class=\"aligncenter\" title=\"aalom\" alt=\"aalom\" src=\"wp-content\/balom.png\" width=\"600\" height=\"120\" \/><span style=\"color: #000000;\"> ASRAMA CHENG-SHI (BUDDHA) \u00a0 \u00a0 \u00a0 \u00a0 \u00a0 KARMA DZSIMPA&#8217;S DO-KHYI CHEN-PO (S\u00c1BA)<\/span><\/h3>\n<h2 style=\"text-align: center;\"><span style=\"color: #ff0000;\">Megsz\u00fclettek: 2009.12.17-\u00e9n\u00a0<\/span><\/h2>\n<h2 style=\"text-align: center;\"><\/h2>\n<p style=\"text-align: center;\"><strong>ngg_shortcode_0_placeholder<\/strong><\/p>\n<p style=\"text-align: center;\">\n","protected":false},"excerpt":{"rendered":"<p>ASRAMA CHENG-SHI (BUDDHA) \u00a0 \u00a0 \u00a0 \u00a0 \u00a0 KARMA DZSIMPA&#8217;S DO-KHYI CHEN-PO (S\u00c1BA) Megsz\u00fclettek: 2009.12.17-\u00e9n\u00a0<\/p>\n","protected":false},"author":2,"featured_media":0,"parent":0,"menu_order":3,"comment_status":"open","ping_status":"open","template":"","meta":{"ngg_post_thumbnail":0,"footnotes":""},"class_list":["post-451","page","type-page","status-publish","hentry"],"_links":{"self":[{"href":"https:\/\/hun.amaruq-chimo.eu\/index.php?rest_route=\/wp\/v2\/pages\/451","targetHints":{"allow":["GET"]}}],"collection":[{"href":"https:\/\/hun.amaruq-chimo.eu\/index.php?rest_route=\/wp\/v2\/pages"}],"about":[{"href":"https:\/\/hun.amaruq-chimo.eu\/index.php?rest_route=\/wp\/v2\/types\/page"}],"author":[{"embeddable":true,"href":"https:\/\/hun.amaruq-chimo.eu\/index.php?rest_route=\/wp\/v2\/users\/2"}],"replies":[{"embeddable":true,"href":"https:\/\/hun.amaruq-chimo.eu\/index.php?rest_route=%2Fwp%2Fv2%2Fcomments&post=451"}],"version-history":[{"count":13,"href":"https:\/\/hun.amaruq-chimo.eu\/index.php?rest_route=\/wp\/v2\/pages\/451\/revisions"}],"predecessor-version":[{"id":2207,"href":"https:\/\/hun.amaruq-chimo.eu\/index.php?rest_route=\/wp\/v2\/pages\/451\/revisions\/2207"}],"wp:attachment":[{"href":"https:\/\/hun.amaruq-chimo.eu\/index.php?rest_route=%2Fwp%2Fv2%2Fmedia&parent=451"}],"curies":[{"name":"wp","href":"https:\/\/api.w.org\/{rel}","templated":true}]}}