{"id":446,"date":"2009-12-22T15:52:19","date_gmt":"2009-12-22T14:52:19","guid":{"rendered":"https:\/\/hun.amaruq-chimo.eu\/?page_id=446"},"modified":"2020-12-22T10:52:06","modified_gmt":"2020-12-22T09:52:06","slug":"a-alom","status":"publish","type":"page","link":"https:\/\/hun.amaruq-chimo.eu\/?page_id=446","title":{"rendered":""},"content":{"rendered":"<h2 style=\"text-align: center;\"><img loading=\"lazy\" decoding=\"async\" class=\"aligncenter\" title=\"aalom\" alt=\"aalom\" src=\"\/hun\/wp-content\/aalom.png\" width=\"600\" height=\"120\" \/><\/h2>\n<h3><span style=\"color: #000000;\">ASRAMA CHENG-SHI \u00a0(BUDDHA) \u00a0 \u00a0 \u00a0 \u00a0 \u00a0 \u00a0 \u00a0 \u00a0 \u00a0 \u00a0LAGO-KHY DO-KHY DGE-SZPJOD (S\u00cdVA)<\/span><\/h3>\n<h2 style=\"text-align: center;\"><span style=\"color: #ff0000;\">Megsz\u00fclettek: 2009.12.11-\u00e9n<\/span><\/h2>\n<p style=\"text-align: center;\"><strong>ngg_shortcode_0_placeholder<\/strong><\/p>\n","protected":false},"excerpt":{"rendered":"<p>ASRAMA CHENG-SHI \u00a0(BUDDHA) \u00a0 \u00a0 \u00a0 \u00a0 \u00a0 \u00a0 \u00a0 \u00a0 \u00a0 \u00a0LAGO-KHY DO-KHY DGE-SZPJOD (S\u00cdVA) Megsz\u00fclettek: 2009.12.11-\u00e9n<\/p>\n","protected":false},"author":2,"featured_media":0,"parent":0,"menu_order":2,"comment_status":"open","ping_status":"open","template":"","meta":{"ngg_post_thumbnail":0,"footnotes":""},"class_list":["post-446","page","type-page","status-publish","hentry"],"_links":{"self":[{"href":"https:\/\/hun.amaruq-chimo.eu\/index.php?rest_route=\/wp\/v2\/pages\/446","targetHints":{"allow":["GET"]}}],"collection":[{"href":"https:\/\/hun.amaruq-chimo.eu\/index.php?rest_route=\/wp\/v2\/pages"}],"about":[{"href":"https:\/\/hun.amaruq-chimo.eu\/index.php?rest_route=\/wp\/v2\/types\/page"}],"author":[{"embeddable":true,"href":"https:\/\/hun.amaruq-chimo.eu\/index.php?rest_route=\/wp\/v2\/users\/2"}],"replies":[{"embeddable":true,"href":"https:\/\/hun.amaruq-chimo.eu\/index.php?rest_route=%2Fwp%2Fv2%2Fcomments&post=446"}],"version-history":[{"count":22,"href":"https:\/\/hun.amaruq-chimo.eu\/index.php?rest_route=\/wp\/v2\/pages\/446\/revisions"}],"predecessor-version":[{"id":4582,"href":"https:\/\/hun.amaruq-chimo.eu\/index.php?rest_route=\/wp\/v2\/pages\/446\/revisions\/4582"}],"wp:attachment":[{"href":"https:\/\/hun.amaruq-chimo.eu\/index.php?rest_route=%2Fwp%2Fv2%2Fmedia&parent=446"}],"curies":[{"name":"wp","href":"https:\/\/api.w.org\/{rel}","templated":true}]}}