{"id":3990,"date":"2019-05-24T23:27:49","date_gmt":"2019-05-24T22:27:49","guid":{"rendered":"https:\/\/hun.amaruq-chimo.eu\/?page_id=3990"},"modified":"2020-12-22T17:10:33","modified_gmt":"2020-12-22T16:10:33","slug":"3990-2","status":"publish","type":"page","link":"https:\/\/hun.amaruq-chimo.eu\/?page_id=3990","title":{"rendered":""},"content":{"rendered":"<table style=\"text-align: center;\" border=\"0\" width=\"100%\">\n<tbody>\n<tr>\n<td style=\"text-align: center;\">\n<h2 style=\"font-size: 1.5em; text-align: center;\"><span style=\"color: #800000;\"><strong><img loading=\"lazy\" decoding=\"async\" style=\"display: block; margin-left: auto; margin-right: auto; border: 0px initial initial;\" src=\"https:\/\/hun.amaruq-chimo.eu\/wp-content\/\/pedigele.gif\" alt=\"pedigele\" width=\"68\" height=\"97\"><\/strong><\/span><a href=\"https:\/\/hun.amaruq-chimo.eu\/wp-content\/\/Riddick_torzskonyv1_001.jpg\"><span style=\"color: #000000;\">Pedigree \/ T\u00f6rzsk\u00f6nyv<\/span><\/a><\/h2>\n<\/td>\n<td>\n<h2 style=\"font-size: 1.5em;\"><span style=\"color: #800000;\"><strong><img loading=\"lazy\" decoding=\"async\" class=\"aligncenter size-full wp-image-872\" style=\"display: block; margin-left: auto; margin-right: auto; border: 0px initial initial;\" src=\"https:\/\/hun.amaruq-chimo.eu\/wp-content\/\/serleg.gif\" alt=\"pedigele\" width=\"80\" height=\"100\"><a href=\"https:\/\/hun.amaruq-chimo.eu\/?page_id=22#riddick\" target=\"_blank\" rel=\"noopener noreferrer\"><span style=\"color: #000000;\">Eredm\u00e9nyei<\/span><\/a><\/strong><\/span><\/h2>\n<\/td>\n<\/tr>\n<\/tbody>\n<\/table>\n<h2><span style=\"color: #000000;\">Sz\u00fcletett: 2019.01.24.<\/span><\/h2>\n<h2><span style=\"color: #000000;\">Magass\u00e1g: 75cm<\/span><\/h2>\n<h2><span style=\"color: #000000;\">S\u00faly: 66kg<\/span><\/h2>\n<p><img loading=\"lazy\" decoding=\"async\" class=\"aligncenter wp-image-4486\" src=\"https:\/\/hun.amaruq-chimo.eu\/wp-content\/\/Riddick-.jpg\" alt=\"\" width=\"436\" height=\"393\" srcset=\"https:\/\/hun.amaruq-chimo.eu\/wp-content\/Riddick-.jpg 893w, https:\/\/hun.amaruq-chimo.eu\/wp-content\/Riddick--300x270.jpg 300w, https:\/\/hun.amaruq-chimo.eu\/wp-content\/Riddick--768x691.jpg 768w\" sizes=\"auto, (max-width: 436px) 100vw, 436px\" \/><\/p>\n<p style=\"text-align: center;\">&nbsp;<\/p>\nngg_shortcode_0_placeholder\n","protected":false},"excerpt":{"rendered":"<p>Pedigree \/ T\u00f6rzsk\u00f6nyv Eredm\u00e9nyei Sz\u00fcletett: 2019.01.24. Magass\u00e1g: 75cm S\u00faly: 66kg &nbsp;<\/p>\n","protected":false},"author":2,"featured_media":0,"parent":0,"menu_order":0,"comment_status":"closed","ping_status":"closed","template":"","meta":{"ngg_post_thumbnail":0,"footnotes":""},"class_list":["post-3990","page","type-page","status-publish","hentry"],"_links":{"self":[{"href":"https:\/\/hun.amaruq-chimo.eu\/index.php?rest_route=\/wp\/v2\/pages\/3990","targetHints":{"allow":["GET"]}}],"collection":[{"href":"https:\/\/hun.amaruq-chimo.eu\/index.php?rest_route=\/wp\/v2\/pages"}],"about":[{"href":"https:\/\/hun.amaruq-chimo.eu\/index.php?rest_route=\/wp\/v2\/types\/page"}],"author":[{"embeddable":true,"href":"https:\/\/hun.amaruq-chimo.eu\/index.php?rest_route=\/wp\/v2\/users\/2"}],"replies":[{"embeddable":true,"href":"https:\/\/hun.amaruq-chimo.eu\/index.php?rest_route=%2Fwp%2Fv2%2Fcomments&post=3990"}],"version-history":[{"count":10,"href":"https:\/\/hun.amaruq-chimo.eu\/index.php?rest_route=\/wp\/v2\/pages\/3990\/revisions"}],"predecessor-version":[{"id":4766,"href":"https:\/\/hun.amaruq-chimo.eu\/index.php?rest_route=\/wp\/v2\/pages\/3990\/revisions\/4766"}],"wp:attachment":[{"href":"https:\/\/hun.amaruq-chimo.eu\/index.php?rest_route=%2Fwp%2Fv2%2Fmedia&parent=3990"}],"curies":[{"name":"wp","href":"https:\/\/api.w.org\/{rel}","templated":true}]}}