{"id":3830,"date":"2019-03-26T21:35:45","date_gmt":"2019-03-26T20:35:45","guid":{"rendered":"https:\/\/hun.amaruq-chimo.eu\/?page_id=3830"},"modified":"2019-04-12T12:37:34","modified_gmt":"2019-04-12T11:37:34","slug":"3830-2","status":"publish","type":"page","link":"https:\/\/hun.amaruq-chimo.eu\/?page_id=3830","title":{"rendered":""},"content":{"rendered":"<h3><img loading=\"lazy\" decoding=\"async\" class=\"aligncenter wp-image-3885\" src=\"https:\/\/hun.amaruq-chimo.eu\/wp-content\/\/p-alommagy.jpg\" alt=\"\" width=\"486\" height=\"162\" srcset=\"https:\/\/hun.amaruq-chimo.eu\/wp-content\/p-alommagy.jpg 864w, https:\/\/hun.amaruq-chimo.eu\/wp-content\/p-alommagy-300x100.jpg 300w, https:\/\/hun.amaruq-chimo.eu\/wp-content\/p-alommagy-768x256.jpg 768w\" sizes=\"auto, (max-width: 486px) 100vw, 486px\" \/><\/h3>\n<h3 style=\"text-align: center;\"><span style=\"color: #000000;\">Amaruq-Chimo Nandra&nbsp; &nbsp; &nbsp; &nbsp; &nbsp; &nbsp; &nbsp;Karma Dzsimpa&#8217;s Do-Khyi Mandala&nbsp; &nbsp;&nbsp;<\/span><\/h3>\n<p>&nbsp;<\/p>\n<h2 style=\"text-align: center;\"><span style=\"color: #ff0000;\">2019.04.10-\u00e9n megsz\u00fclettek<\/span><\/h2>\n<h2 style=\"text-align: center;\"><span style=\"color: #ff0000;\">a k\u00f6lyk\u00f6k<\/span><\/h2>\n<p><img loading=\"lazy\" decoding=\"async\" class=\"aligncenter wp-image-3893\" src=\"https:\/\/hun.amaruq-chimo.eu\/wp-content\/\/20190412.03.jpg\" alt=\"\" width=\"429\" height=\"322\" srcset=\"https:\/\/hun.amaruq-chimo.eu\/wp-content\/20190412.03.jpg 1280w, https:\/\/hun.amaruq-chimo.eu\/wp-content\/20190412.03-300x225.jpg 300w, https:\/\/hun.amaruq-chimo.eu\/wp-content\/20190412.03-768x576.jpg 768w, https:\/\/hun.amaruq-chimo.eu\/wp-content\/20190412.03-1024x768.jpg 1024w\" sizes=\"auto, (max-width: 429px) 100vw, 429px\" \/><\/p>\n<p>&nbsp;<\/p>\n<p>&nbsp;<\/p>\nngg_shortcode_0_placeholder\n","protected":false},"excerpt":{"rendered":"<p>Amaruq-Chimo Nandra&nbsp; &nbsp; &nbsp; &nbsp; &nbsp; &nbsp; &nbsp;Karma Dzsimpa&#8217;s Do-Khyi Mandala&nbsp; &nbsp;&nbsp; &nbsp; 2019.04.10-\u00e9n megsz\u00fclettek a k\u00f6lyk\u00f6k &nbsp; &nbsp;<\/p>\n","protected":false},"author":2,"featured_media":0,"parent":0,"menu_order":0,"comment_status":"closed","ping_status":"closed","template":"","meta":{"ngg_post_thumbnail":0,"footnotes":""},"class_list":["post-3830","page","type-page","status-publish","hentry"],"_links":{"self":[{"href":"https:\/\/hun.amaruq-chimo.eu\/index.php?rest_route=\/wp\/v2\/pages\/3830","targetHints":{"allow":["GET"]}}],"collection":[{"href":"https:\/\/hun.amaruq-chimo.eu\/index.php?rest_route=\/wp\/v2\/pages"}],"about":[{"href":"https:\/\/hun.amaruq-chimo.eu\/index.php?rest_route=\/wp\/v2\/types\/page"}],"author":[{"embeddable":true,"href":"https:\/\/hun.amaruq-chimo.eu\/index.php?rest_route=\/wp\/v2\/users\/2"}],"replies":[{"embeddable":true,"href":"https:\/\/hun.amaruq-chimo.eu\/index.php?rest_route=%2Fwp%2Fv2%2Fcomments&post=3830"}],"version-history":[{"count":12,"href":"https:\/\/hun.amaruq-chimo.eu\/index.php?rest_route=\/wp\/v2\/pages\/3830\/revisions"}],"predecessor-version":[{"id":3895,"href":"https:\/\/hun.amaruq-chimo.eu\/index.php?rest_route=\/wp\/v2\/pages\/3830\/revisions\/3895"}],"wp:attachment":[{"href":"https:\/\/hun.amaruq-chimo.eu\/index.php?rest_route=%2Fwp%2Fv2%2Fmedia&parent=3830"}],"curies":[{"name":"wp","href":"https:\/\/api.w.org\/{rel}","templated":true}]}}