{"id":3818,"date":"2019-03-25T22:42:29","date_gmt":"2019-03-25T21:42:29","guid":{"rendered":"https:\/\/hun.amaruq-chimo.eu\/?page_id=3818"},"modified":"2019-12-14T15:51:36","modified_gmt":"2019-12-14T14:51:36","slug":"3818-2","status":"publish","type":"page","link":"https:\/\/hun.amaruq-chimo.eu\/?page_id=3818","title":{"rendered":""},"content":{"rendered":"<table style=\"text-align: center;\" border=\"0\" width=\"100%\">\n<tbody>\n<tr>\n<td style=\"text-align: center;\">\n<h2 style=\"font-size: 1.5em; text-align: center;\"><span style=\"color: #800000;\"><img loading=\"lazy\" decoding=\"async\" class=\"aligncenter size-full wp-image-872\" src=\"https:\/\/hun.amaruq-chimo.eu\/wp-content\/\/pedigele.gif\" alt=\"\" width=\"68\" height=\"97\"><a href=\"https:\/\/hun.amaruq-chimo.eu\/wp-content\/\/elza-t%C3%B6rzsk%C3%B6nyv-002.jpg\"><span style=\"color: #000000;\">Pedigree \/ T\u00f6rzsk\u00f6nyv<\/span><\/a><\/span><\/h2>\n<\/td>\n<td>\n<h2 style=\"font-size: 1.5em;\"><span style=\"color: #800000;\"><strong><a href=\"https:\/\/hun.amaruq-chimo.eu\/?page_id=22#elza\"><img loading=\"lazy\" decoding=\"async\" class=\"aligncenter size-full wp-image-872\" style=\"display: block; margin-left: auto; margin-right: auto;\" src=\"https:\/\/hun.amaruq-chimo.eu\/wp-content\/\/serleg.gif\" alt=\"pedigele\" width=\"80\" height=\"100\"><span style=\"color: #000000;\">Eredm\u00e9nyei<\/span><\/a><\/strong><\/span><\/h2>\n<\/td>\n<\/tr>\n<\/tbody>\n<\/table>\n<h2><span style=\"color: #000000;\">Sz\u00fcletett: &nbsp; 2015.12.02.<\/span><\/h2>\n<h2><span style=\"color: #000000;\">Meghalt: 2019.12.14.<img loading=\"lazy\" decoding=\"async\" class=\"alignnone size-full wp-image-3710\" src=\"https:\/\/hun.amaruq-chimo.eu\/wp-content\/\/799095-e1541848659599.gif\" alt=\"\" width=\"50\" height=\"60\"><\/span><\/h2>\n<h2><span style=\"color: #000000;\">Magass\u00e1g:&nbsp; 72 cm<\/span><\/h2>\n<h2><span style=\"color: #000000;\">S\u00faly: 57 kg<\/span><\/h2>\n<p><img loading=\"lazy\" decoding=\"async\" class=\"wp-image-3856 aligncenter\" src=\"https:\/\/hun.amaruq-chimo.eu\/wp-content\/\/elza-1.jpg\" alt=\"\" width=\"381\" height=\"334\" srcset=\"https:\/\/hun.amaruq-chimo.eu\/wp-content\/elza-1.jpg 886w, https:\/\/hun.amaruq-chimo.eu\/wp-content\/elza-1-300x263.jpg 300w, https:\/\/hun.amaruq-chimo.eu\/wp-content\/elza-1-768x673.jpg 768w\" sizes=\"auto, (max-width: 381px) 100vw, 381px\" \/><\/p>\n<p>&nbsp;<\/p>\nngg_shortcode_0_placeholder\n<h2><span style=\"color: #000000;\"><br \/>\n<\/span><\/h2>\n","protected":false},"excerpt":{"rendered":"<p>Pedigree \/ T\u00f6rzsk\u00f6nyv Eredm\u00e9nyei Sz\u00fcletett: &nbsp; 2015.12.02. Meghalt: 2019.12.14. Magass\u00e1g:&nbsp; 72 cm S\u00faly: 57 kg &nbsp;<\/p>\n","protected":false},"author":2,"featured_media":0,"parent":0,"menu_order":0,"comment_status":"closed","ping_status":"closed","template":"","meta":{"ngg_post_thumbnail":0,"footnotes":""},"class_list":["post-3818","page","type-page","status-publish","hentry"],"_links":{"self":[{"href":"https:\/\/hun.amaruq-chimo.eu\/index.php?rest_route=\/wp\/v2\/pages\/3818","targetHints":{"allow":["GET"]}}],"collection":[{"href":"https:\/\/hun.amaruq-chimo.eu\/index.php?rest_route=\/wp\/v2\/pages"}],"about":[{"href":"https:\/\/hun.amaruq-chimo.eu\/index.php?rest_route=\/wp\/v2\/types\/page"}],"author":[{"embeddable":true,"href":"https:\/\/hun.amaruq-chimo.eu\/index.php?rest_route=\/wp\/v2\/users\/2"}],"replies":[{"embeddable":true,"href":"https:\/\/hun.amaruq-chimo.eu\/index.php?rest_route=%2Fwp%2Fv2%2Fcomments&post=3818"}],"version-history":[{"count":8,"href":"https:\/\/hun.amaruq-chimo.eu\/index.php?rest_route=\/wp\/v2\/pages\/3818\/revisions"}],"predecessor-version":[{"id":4245,"href":"https:\/\/hun.amaruq-chimo.eu\/index.php?rest_route=\/wp\/v2\/pages\/3818\/revisions\/4245"}],"wp:attachment":[{"href":"https:\/\/hun.amaruq-chimo.eu\/index.php?rest_route=%2Fwp%2Fv2%2Fmedia&parent=3818"}],"curies":[{"name":"wp","href":"https:\/\/api.w.org\/{rel}","templated":true}]}}