{"id":3678,"date":"2018-11-07T21:30:00","date_gmt":"2018-11-07T20:30:00","guid":{"rendered":"https:\/\/hun.amaruq-chimo.eu\/?page_id=3678"},"modified":"2025-05-10T17:30:56","modified_gmt":"2025-05-10T16:30:56","slug":"3678-2","status":"publish","type":"page","link":"https:\/\/hun.amaruq-chimo.eu\/?page_id=3678","title":{"rendered":""},"content":{"rendered":"<h1 style=\"text-align: center;\">&nbsp;<\/h1>\n<p>&nbsp;<\/p>\n<p><img loading=\"lazy\" decoding=\"async\" class=\"alignright wp-image-3684\" src=\"https:\/\/hun.amaruq-chimo.eu\/wp-content\/\/741021.gif\" alt=\"\" width=\"110\" height=\"130\"><img loading=\"lazy\" decoding=\"async\" class=\"alignleft wp-image-3684\" src=\"https:\/\/hun.amaruq-chimo.eu\/wp-content\/\/741021.gif\" alt=\"\" width=\"110\" height=\"130\"><\/p>\n<h1 style=\"text-align: center;\"><span style=\"color: #000000;\">In Memoriam<\/span><\/h1>\n<p>&nbsp;<\/p>\n<p>&nbsp;<\/p>\n<h2 style=\"text-align: center;\"><span style=\"color: #000000;\">AMARUQ-CHIMO DHEBABRATA<\/span><\/h2>\n<h2 style=\"text-align: center;\"><span style=\"color: #000000;\">&#8222;SHAOLIN&#8221;<\/span><\/h2>\n<p><img loading=\"lazy\" decoding=\"async\" class=\"aligncenter wp-image-7344\" src=\"https:\/\/hun.amaruq-chimo.eu\/wp-content\/\/kll.jpg\" alt=\"\" width=\"506\" height=\"337\" srcset=\"https:\/\/hun.amaruq-chimo.eu\/wp-content\/kll.jpg 900w, https:\/\/hun.amaruq-chimo.eu\/wp-content\/kll-300x200.jpg 300w, https:\/\/hun.amaruq-chimo.eu\/wp-content\/kll-768x512.jpg 768w\" sizes=\"auto, (max-width: 506px) 100vw, 506px\" \/><\/p>\n<p>&nbsp;<\/p>\n<h2 style=\"text-align: center;\"><span style=\"color: #000000;\">AMARUQ-CHIMO<\/span>&nbsp;OP\u00c1L<\/h2>\n<h2 style=\"text-align: center;\"><span style=\"color: #000000;\">&#8222;OP\u00c1L&#8221;<\/span><\/h2>\n<p><img loading=\"lazy\" decoding=\"async\" class=\"aligncenter wp-image-7343\" src=\"https:\/\/hun.amaruq-chimo.eu\/wp-content\/\/oo.jpg\" alt=\"\" width=\"506\" height=\"337\" srcset=\"https:\/\/hun.amaruq-chimo.eu\/wp-content\/oo.jpg 900w, https:\/\/hun.amaruq-chimo.eu\/wp-content\/oo-300x200.jpg 300w, https:\/\/hun.amaruq-chimo.eu\/wp-content\/oo-768x512.jpg 768w\" sizes=\"auto, (max-width: 506px) 100vw, 506px\" \/><\/p>\n<p>&nbsp;<\/p>\n<h2 style=\"text-align: center;\"><span style=\"color: #000000;\">AMARUQ-CHIMO BHASUNDARA<\/span><\/h2>\n<h2 style=\"text-align: center;\"><span style=\"color: #000000;\">&#8222;RAMSES&#8221;<\/span><\/h2>\n<p><img loading=\"lazy\" decoding=\"async\" class=\"aligncenter wp-image-6634\" src=\"https:\/\/hun.amaruq-chimo.eu\/wp-content\/\/ramses-ut.jpg\" alt=\"\" width=\"341\" height=\"512\" srcset=\"https:\/\/hun.amaruq-chimo.eu\/wp-content\/ramses-ut.jpg 600w, https:\/\/hun.amaruq-chimo.eu\/wp-content\/ramses-ut-200x300.jpg 200w\" sizes=\"auto, (max-width: 341px) 100vw, 341px\" \/><\/p>\n<h2 style=\"text-align: center;\">&nbsp;<\/h2>\n<h2 style=\"text-align: center;\"><span style=\"color: #000000;\">AMARUQ-CHIMO BOGATYRI<\/span><\/h2>\n<h2 style=\"text-align: center;\"><span style=\"color: #000000;\">&#8222;\u00cdZIS&#8221;<\/span><\/h2>\n<p><img loading=\"lazy\" decoding=\"async\" class=\"aligncenter wp-image-6633\" src=\"https:\/\/hun.amaruq-chimo.eu\/wp-content\/\/izis.jpg\" alt=\"\" width=\"403\" height=\"403\" srcset=\"https:\/\/hun.amaruq-chimo.eu\/wp-content\/izis.jpg 700w, https:\/\/hun.amaruq-chimo.eu\/wp-content\/izis-150x150.jpg 150w, https:\/\/hun.amaruq-chimo.eu\/wp-content\/izis-300x300.jpg 300w\" sizes=\"auto, (max-width: 403px) 100vw, 403px\" \/><\/p>\n<h2 style=\"text-align: center;\">&nbsp;<\/h2>\n<h2 style=\"text-align: center;\"><span style=\"color: #000000;\">LAGO-KHY-DO-KHY DGE-SZJOD<\/span><\/h2>\n<h2 style=\"text-align: center;\"><span style=\"color: #000000;\">&#8222;SH\u00cdVA&#8221;<\/span><\/h2>\n<p><img loading=\"lazy\" decoding=\"async\" class=\"aligncenter wp-image-4517\" src=\"https:\/\/hun.amaruq-chimo.eu\/wp-content\/\/shiva.jpg\" alt=\"\" width=\"506\" height=\"337\" srcset=\"https:\/\/hun.amaruq-chimo.eu\/wp-content\/shiva.jpg 900w, https:\/\/hun.amaruq-chimo.eu\/wp-content\/shiva-300x200.jpg 300w, https:\/\/hun.amaruq-chimo.eu\/wp-content\/shiva-768x512.jpg 768w\" sizes=\"auto, (max-width: 506px) 100vw, 506px\" \/><\/p>\n<h2 style=\"text-align: center;\">&nbsp;<\/h2>\n<h2 style=\"text-align: center;\"><span style=\"color: #000000;\">KARMA DZSIMPA&#8217;S DO-KHYI MANDALA&nbsp;<\/span><\/h2>\n<h2 style=\"text-align: center;\"><span style=\"color: #000000;\">&#8222;MANDALA&#8221;<\/span><\/h2>\n<h2 style=\"text-align: center;\"><img loading=\"lazy\" decoding=\"async\" class=\"aligncenter wp-image-4481\" src=\"https:\/\/hun.amaruq-chimo.eu\/wp-content\/\/mandalah.jpg\" alt=\"\" width=\"512\" height=\"341\" srcset=\"https:\/\/hun.amaruq-chimo.eu\/wp-content\/mandalah.jpg 900w, https:\/\/hun.amaruq-chimo.eu\/wp-content\/mandalah-300x200.jpg 300w, https:\/\/hun.amaruq-chimo.eu\/wp-content\/mandalah-768x512.jpg 768w\" sizes=\"auto, (max-width: 512px) 100vw, 512px\" \/><\/h2>\n<p>&nbsp;<\/p>\n<h2 style=\"text-align: center;\"><span style=\"color: #000000;\">KARMA DZSIMPA&#8217;S DO-KHYI DHARMA&nbsp;<\/span><\/h2>\n<h2 style=\"text-align: center;\"><span style=\"color: #000000;\">&#8222;DHARMA&#8221;<\/span><\/h2>\n<p><img loading=\"lazy\" decoding=\"async\" class=\"aligncenter wp-image-4477\" src=\"https:\/\/hun.amaruq-chimo.eu\/wp-content\/\/dharma.png\" alt=\"\" width=\"494\" height=\"329\" srcset=\"https:\/\/hun.amaruq-chimo.eu\/wp-content\/dharma.png 900w, https:\/\/hun.amaruq-chimo.eu\/wp-content\/dharma-300x200.png 300w, https:\/\/hun.amaruq-chimo.eu\/wp-content\/dharma-768x512.png 768w\" sizes=\"auto, (max-width: 494px) 100vw, 494px\" \/><\/p>\n<h2 style=\"text-align: center;\">&nbsp;<\/h2>\n<h2 style=\"text-align: center;\"><span style=\"color: #000000;\">AMARUQ-CHIMO NANDRA <\/span><\/h2>\n<h2 style=\"text-align: center;\"><span style=\"color: #000000;\">&#8222;ELZA&#8221;<\/span><\/h2>\n<p><img loading=\"lazy\" decoding=\"async\" class=\"aligncenter wp-image-4241\" src=\"https:\/\/hun.amaruq-chimo.eu\/wp-content\/\/gyasz_elza.png\" alt=\"\" width=\"504\" height=\"337\" srcset=\"https:\/\/hun.amaruq-chimo.eu\/wp-content\/gyasz_elza.png 900w, https:\/\/hun.amaruq-chimo.eu\/wp-content\/gyasz_elza-300x200.png 300w, https:\/\/hun.amaruq-chimo.eu\/wp-content\/gyasz_elza-768x512.png 768w\" sizes=\"auto, (max-width: 504px) 100vw, 504px\" \/><\/p>\n<h2 style=\"text-align: center;\">&nbsp;<\/h2>\n<h2 style=\"text-align: center;\"><span style=\"color: #000000;\">ASRAMA CHENG-SHI <\/span><\/h2>\n<h2 style=\"text-align: center;\"><span style=\"color: #000000;\">&#8222;BUDDHA&#8221;<\/span><\/h2>\n<p style=\"text-align: center;\"><img loading=\"lazy\" decoding=\"async\" class=\"aligncenter wp-image-3698\" src=\"https:\/\/hun.amaruq-chimo.eu\/wp-content\/\/BUDDHA.png\" alt=\"\" width=\"400\" height=\"600\" srcset=\"https:\/\/hun.amaruq-chimo.eu\/wp-content\/BUDDHA.png 600w, https:\/\/hun.amaruq-chimo.eu\/wp-content\/BUDDHA-200x300.png 200w\" sizes=\"auto, (max-width: 400px) 100vw, 400px\" \/><\/p>\n<p style=\"text-align: center;\">&nbsp;<\/p>\n<h2 style=\"text-align: center;\"><span style=\"color: #000000;\">KARMA DZSIMPA&#8217;S DO-KHYI CHEN-PO <\/span><\/h2>\n<h2 style=\"text-align: center;\"><span style=\"color: #000000;\">&#8222;S\u00c1BA&#8221;<\/span><\/h2>\n<h2 style=\"text-align: center;\"><img loading=\"lazy\" decoding=\"async\" class=\"aligncenter wp-image-3701\" src=\"https:\/\/hun.amaruq-chimo.eu\/wp-content\/\/S\u00c1BA.png\" alt=\"\" width=\"400\" height=\"600\" srcset=\"https:\/\/hun.amaruq-chimo.eu\/wp-content\/S\u00c1BA.png 600w, https:\/\/hun.amaruq-chimo.eu\/wp-content\/S\u00c1BA-200x300.png 200w\" sizes=\"auto, (max-width: 400px) 100vw, 400px\" \/><\/h2>\n<p>&nbsp;<\/p>\n<h2 style=\"text-align: center;\"><span style=\"color: #000000;\">AMARUQ-CHIMO EKAVALI <\/span><\/h2>\n<h2 style=\"text-align: center;\"><span style=\"color: #000000;\">&#8222;TARA&#8221;<\/span><\/h2>\n<p><img loading=\"lazy\" decoding=\"async\" class=\"aligncenter wp-image-3704\" src=\"https:\/\/hun.amaruq-chimo.eu\/wp-content\/\/TARA.png\" alt=\"\" width=\"492\" height=\"328\" srcset=\"https:\/\/hun.amaruq-chimo.eu\/wp-content\/TARA.png 900w, https:\/\/hun.amaruq-chimo.eu\/wp-content\/TARA-300x200.png 300w, https:\/\/hun.amaruq-chimo.eu\/wp-content\/TARA-768x512.png 768w\" sizes=\"auto, (max-width: 492px) 100vw, 492px\" \/><\/p>\n<p>&nbsp;<\/p>\nngg_shortcode_0_placeholder\n","protected":false},"excerpt":{"rendered":"<p>&nbsp; &nbsp; In Memoriam &nbsp; &nbsp; AMARUQ-CHIMO DHEBABRATA &#8222;SHAOLIN&#8221; &nbsp; AMARUQ-CHIMO&nbsp;OP\u00c1L &#8222;OP\u00c1L&#8221; &nbsp; AMARUQ-CHIMO BHASUNDARA &#8222;RAMSES&#8221; &nbsp; AMARUQ-CHIMO BOGATYRI &#8222;\u00cdZIS&#8221; &nbsp; LAGO-KHY-DO-KHY DGE-SZJOD &#8222;SH\u00cdVA&#8221; &nbsp; KARMA DZSIMPA&#8217;S DO-KHYI MANDALA&nbsp; &#8222;MANDALA&#8221; &nbsp; KARMA DZSIMPA&#8217;S DO-KHYI DHARMA&nbsp; &#8222;DHARMA&#8221; &nbsp; AMARUQ-CHIMO NANDRA &#8222;ELZA&#8221; &nbsp; ASRAMA CHENG-SHI &#8222;BUDDHA&#8221; &nbsp; KARMA DZSIMPA&#8217;S DO-KHYI CHEN-PO &#8222;S\u00c1BA&#8221; &nbsp; AMARUQ-CHIMO EKAVALI &#8222;TARA&#8221; &nbsp;<\/p>\n","protected":false},"author":2,"featured_media":0,"parent":0,"menu_order":0,"comment_status":"closed","ping_status":"closed","template":"","meta":{"ngg_post_thumbnail":0,"footnotes":""},"class_list":["post-3678","page","type-page","status-publish","hentry"],"_links":{"self":[{"href":"https:\/\/hun.amaruq-chimo.eu\/index.php?rest_route=\/wp\/v2\/pages\/3678","targetHints":{"allow":["GET"]}}],"collection":[{"href":"https:\/\/hun.amaruq-chimo.eu\/index.php?rest_route=\/wp\/v2\/pages"}],"about":[{"href":"https:\/\/hun.amaruq-chimo.eu\/index.php?rest_route=\/wp\/v2\/types\/page"}],"author":[{"embeddable":true,"href":"https:\/\/hun.amaruq-chimo.eu\/index.php?rest_route=\/wp\/v2\/users\/2"}],"replies":[{"embeddable":true,"href":"https:\/\/hun.amaruq-chimo.eu\/index.php?rest_route=%2Fwp%2Fv2%2Fcomments&post=3678"}],"version-history":[{"count":30,"href":"https:\/\/hun.amaruq-chimo.eu\/index.php?rest_route=\/wp\/v2\/pages\/3678\/revisions"}],"predecessor-version":[{"id":7346,"href":"https:\/\/hun.amaruq-chimo.eu\/index.php?rest_route=\/wp\/v2\/pages\/3678\/revisions\/7346"}],"wp:attachment":[{"href":"https:\/\/hun.amaruq-chimo.eu\/index.php?rest_route=%2Fwp%2Fv2%2Fmedia&parent=3678"}],"curies":[{"name":"wp","href":"https:\/\/api.w.org\/{rel}","templated":true}]}}