{"id":32,"date":"2009-10-01T22:12:59","date_gmt":"2009-10-01T22:12:59","guid":{"rendered":"http:\/\/amaruq-chimo.com\/?page_id=32"},"modified":"2010-07-10T04:52:42","modified_gmt":"2010-07-10T03:52:42","slug":"a-tibeti-masztif-bemutatasa","status":"publish","type":"page","link":"https:\/\/hun.amaruq-chimo.eu\/?page_id=32","title":{"rendered":"A Tibeti Masztiff bemutat\u00e1sa"},"content":{"rendered":"<p><span style=\"text-decoration: underline;\"><strong><img loading=\"lazy\" decoding=\"async\" class=\"alignright size-thumbnail wp-image-278\" title=\"12408901601560_mid\" src=\"https:\/\/hun.amaruq-chimo.eu\/wp-content\/12408901601560_mid-150x150.jpg\" alt=\"12408901601560_mid\" width=\"150\" height=\"150\" \/>Jelleme:<\/strong><\/span><br \/>\nA tibeti masztiff nyugodt, m\u00e9lt\u00f3s\u00e1gteljes, kiegyens\u00falyozott kutya, amelyb\u0151l b\u00fcszkes\u00e9g sug\u00e1rzik. Noha csal\u00e1dj\u00e1hoz igen h\u0171s\u00e9ges \u00e9s odaad\u00f3, term\u00e9szet\u00e9ben a tart\u00f3zkod\u00f3 von\u00e1sok \u00e9s a f\u00fcggetlens\u00e9g jegyei is jelen vannak. Nagyon \u00e9rz\u00e9keny, \u00e9s szeret csal\u00e1dja k\u00f6zel\u00e9ben lenni. Saj\u00e1t ter\u00fclet\u00e9n bel\u00fcl igen magabiztos. Sz\u00e1m\u00e1ra term\u00e9szetes dolog, hogy \u0151rizze a csal\u00e1dot \u00e9s az otthon\u00e1t \u2013 erre biztatni sem kell. Nem ugat sokat, de ha vesz\u00e9lyt \u00e9rez, kiereszti a hangj\u00e1t. A lak\u00e1sban \u00e1ltal\u00e1ban b\u00e9k\u00e9sen viselkedik, de a szabadban \u2013 id\u0151nk\u00e9nt \u2013 meglep\u0151en mozg\u00e9kony. Sz\u0151rzete minden id\u0151ben megfelel\u0151 v\u00e9delmet ny\u00fajt. Testileg \u00e9s szellemileg is lassan \u00e9r\u0151 kutya. Ez a kutya nagyon szereti a csal\u00e1dj\u00e1t, \u00e9s rendk\u00edv\u00fcl h\u0171s\u00e9ges. Az \u00f6sszes t\u00f6bbi h\u00e1zi\u00e1llatot saj\u00e1tj\u00e1nak tekinti, \u00e9s \u00fagy is kezeli. Ha megfelel\u0151 volt a szocializ\u00e1ci\u00f3ja, feltehet\u0151leg nem lesz gondja a macsk\u00e1kkal \u00e9s az egy\u00e9b kisebb haszon\u00e1llatokkal sem. A gyerekekkel szemben igen toler\u00e1ns, t\u00fcrelmes \u00e9s \u00f3vatos. Idegeneket nem enged be, am\u00edg a gazd\u00e1ja azt nem jelzi, hogy meg lehet b\u00edzni benn\u00fck. A birtok\u00e1n k\u00edv\u00fcl nem tan\u00fas\u00edt territori\u00e1lis viselked\u00e9st, de az idegenekben m\u00e1sutt sem b\u00edzik. El\u0151fordul \u2013 f\u0151k\u00e9nt, ha kan \u2013, hogy a t\u00f6bbi kuty\u00e1val szemben domin\u00e1ns m\u00f3don viselkedik. Ritk\u00e1n kezdem\u00e9nyez vereked\u00e9st, de nem is t\u00e9r ki a m\u00e1s \u00e1ltal provok\u00e1lt harc el\u0151l.<\/p>\n<p><span style=\"text-decoration: underline;\"><strong><img loading=\"lazy\" decoding=\"async\" class=\"alignright size-thumbnail wp-image-285\" title=\"a41503\" src=\"https:\/\/hun.amaruq-chimo.eu\/wp-content\/a41503-150x150.jpg\" alt=\"a41503\" width=\"150\" height=\"150\" \/><!--more-->M\u00e9retei:<br \/>\n<\/strong><\/span>Marmagass\u00e1g: kan: legal\u00e1bb 65 cm, szuka: legal\u00e1bb 61 cm<br \/>\nTestt\u00f6meg: kan: 50-60 kg, szuka: valamivel k\u00f6nnyebb.<br \/>\nMegjegyz\u00e9s A tibeti masztiffnak k\u00f6vetkezetes \u00e9s igazs\u00e1gos nevel\u00e9sre van sz\u00fcks\u00e9ge \u2013 ezt lehet\u0151leg a nyugodt term\u00e9szet\u0171 gazd\u00e1t\u00f3l kapja meg, akit a kutya nem tud elt\u00e1ntor\u00edtani eredeti sz\u00e1nd\u00e9k\u00e1t\u00f3l, \u00e9s aki term\u00e9szetes tekint\u00e9llyel rendelkezik. A szigor\u00fa, t\u00fal sokat k\u00f6vetel\u0151 nevel\u00e9s nem sokat \u00e9r, s\u0151t ak\u00e1r ronthat is az \u00e1llat viselked\u00e9s\u00e9n. Ha viszont j\u00f3l fognak hozz\u00e1 a tan\u00edt\u00e1shoz, k\u00f6nnyen megtanulja az \u00faj parancsokat, \u00e9s engedelmes lesz. Ez az eb kiv\u00e1l\u00f3 csal\u00e1di kutya, amelynek azonban nagy helyre van sz\u00fcks\u00e9ge a lak\u00e1sban \u00e9s azon k\u00edv\u00fcl is. Term\u00e9szetes feladat\u00e1nak tekinti a csal\u00e1d \u00e9s otthona v\u00e9delm\u00e9t. F\u00fcggetlen term\u00e9szete miatt a kuty\u00e1s sportokra nem k\u00fcl\u00f6n\u00f6sebben alkalmas. Az engedelmess\u00e9gi pr\u00f3b\u00e1kat sem kedveli, a k\u00e9pz\u00e9s ink\u00e1bb csak makacsabb\u00e1 teszi. A szuka \u00e9vente \u00e1ltal\u00e1ban csak egyszer t\u00fczel.<\/p>\n","protected":false},"excerpt":{"rendered":"<p>Jelleme: A tibeti masztiff nyugodt, m\u00e9lt\u00f3s\u00e1gteljes, kiegyens\u00falyozott kutya, amelyb\u0151l b\u00fcszkes\u00e9g sug\u00e1rzik. Noha csal\u00e1dj\u00e1hoz igen h\u0171s\u00e9ges \u00e9s odaad\u00f3, term\u00e9szet\u00e9ben a tart\u00f3zkod\u00f3 von\u00e1sok \u00e9s a f\u00fcggetlens\u00e9g jegyei is jelen vannak. Nagyon \u00e9rz\u00e9keny, \u00e9s szeret csal\u00e1dja k\u00f6zel\u00e9ben lenni. Saj\u00e1t ter\u00fclet\u00e9n bel\u00fcl igen magabiztos. Sz\u00e1m\u00e1ra term\u00e9szetes dolog, hogy \u0151rizze a csal\u00e1dot \u00e9s az otthon\u00e1t \u2013 erre biztatni sem kell. [&hellip;]<\/p>\n","protected":false},"author":2,"featured_media":0,"parent":30,"menu_order":0,"comment_status":"open","ping_status":"open","template":"","meta":{"ngg_post_thumbnail":0,"footnotes":""},"class_list":["post-32","page","type-page","status-publish","hentry"],"_links":{"self":[{"href":"https:\/\/hun.amaruq-chimo.eu\/index.php?rest_route=\/wp\/v2\/pages\/32","targetHints":{"allow":["GET"]}}],"collection":[{"href":"https:\/\/hun.amaruq-chimo.eu\/index.php?rest_route=\/wp\/v2\/pages"}],"about":[{"href":"https:\/\/hun.amaruq-chimo.eu\/index.php?rest_route=\/wp\/v2\/types\/page"}],"author":[{"embeddable":true,"href":"https:\/\/hun.amaruq-chimo.eu\/index.php?rest_route=\/wp\/v2\/users\/2"}],"replies":[{"embeddable":true,"href":"https:\/\/hun.amaruq-chimo.eu\/index.php?rest_route=%2Fwp%2Fv2%2Fcomments&post=32"}],"version-history":[{"count":1,"href":"https:\/\/hun.amaruq-chimo.eu\/index.php?rest_route=\/wp\/v2\/pages\/32\/revisions"}],"predecessor-version":[{"id":604,"href":"https:\/\/hun.amaruq-chimo.eu\/index.php?rest_route=\/wp\/v2\/pages\/32\/revisions\/604"}],"up":[{"embeddable":true,"href":"https:\/\/hun.amaruq-chimo.eu\/index.php?rest_route=\/wp\/v2\/pages\/30"}],"wp:attachment":[{"href":"https:\/\/hun.amaruq-chimo.eu\/index.php?rest_route=%2Fwp%2Fv2%2Fmedia&parent=32"}],"curies":[{"name":"wp","href":"https:\/\/api.w.org\/{rel}","templated":true}]}}