{"id":2133,"date":"2013-08-12T14:02:23","date_gmt":"2013-08-12T13:02:23","guid":{"rendered":"https:\/\/hun.amaruq-chimo.eu\/?page_id=2133"},"modified":"2014-11-19T18:28:18","modified_gmt":"2014-11-19T17:28:18","slug":"2133-2","status":"publish","type":"page","link":"https:\/\/hun.amaruq-chimo.eu\/?page_id=2133","title":{"rendered":""},"content":{"rendered":"<h1 style=\"text-align: center;\"><span style=\"color: #ff0000;\"><a href=\"https:\/\/hun.amaruq-chimo.eu\/wp-content\/\/j-alommagy.jpg\"><img loading=\"lazy\" decoding=\"async\" class=\"aligncenter  wp-image-2267\" alt=\"j alommagy\" src=\"https:\/\/hun.amaruq-chimo.eu\/wp-content\/\/j-alommagy.jpg\" width=\"605\" height=\"202\" srcset=\"https:\/\/hun.amaruq-chimo.eu\/wp-content\/j-alommagy.jpg 864w, https:\/\/hun.amaruq-chimo.eu\/wp-content\/j-alommagy-300x100.jpg 300w\" sizes=\"auto, (max-width: 605px) 100vw, 605px\" \/><\/a><\/span><\/h1>\n<h2>\u00a0 \u00a0 \u00a0 \u00a0<span style=\"color: #000000;\">Amaruq-Chimo Dhebabrata \u00a0 \u00a0 \u00a0 \u00a0 \u00a0 \u00a0Karma Dzsimpa&#8217;s Do-Khyi Mandala<\/span><\/h2>\n<p>&nbsp;<\/p>\n<h1 style=\"text-align: center;\"><span style=\"color: #ff0000;\">2014. m\u00e1jus 08-\u00e1n megsz\u00fclettek!<\/span><\/h1>\n<p style=\"text-align: center;\"><a href=\"https:\/\/hun.amaruq-chimo.eu\/wp-content\/\/1-napos.jpg\"><img loading=\"lazy\" decoding=\"async\" class=\"aligncenter  wp-image-2268\" alt=\"OLYMPUS DIGITAL CAMERA\" src=\"https:\/\/hun.amaruq-chimo.eu\/wp-content\/\/1-napos.jpg\" width=\"454\" height=\"294\" srcset=\"https:\/\/hun.amaruq-chimo.eu\/wp-content\/1-napos.jpg 900w, https:\/\/hun.amaruq-chimo.eu\/wp-content\/1-napos-300x194.jpg 300w\" sizes=\"auto, (max-width: 454px) 100vw, 454px\" \/><\/a><\/p>\n<p><strong>ngg_shortcode_0_placeholder<\/strong><\/p>\n","protected":false},"excerpt":{"rendered":"<p>\u00a0 \u00a0 \u00a0 \u00a0Amaruq-Chimo Dhebabrata \u00a0 \u00a0 \u00a0 \u00a0 \u00a0 \u00a0Karma Dzsimpa&#8217;s Do-Khyi Mandala &nbsp; 2014. m\u00e1jus 08-\u00e1n megsz\u00fclettek!<\/p>\n","protected":false},"author":2,"featured_media":0,"parent":0,"menu_order":0,"comment_status":"open","ping_status":"open","template":"","meta":{"ngg_post_thumbnail":0,"footnotes":""},"class_list":["post-2133","page","type-page","status-publish","hentry"],"_links":{"self":[{"href":"https:\/\/hun.amaruq-chimo.eu\/index.php?rest_route=\/wp\/v2\/pages\/2133","targetHints":{"allow":["GET"]}}],"collection":[{"href":"https:\/\/hun.amaruq-chimo.eu\/index.php?rest_route=\/wp\/v2\/pages"}],"about":[{"href":"https:\/\/hun.amaruq-chimo.eu\/index.php?rest_route=\/wp\/v2\/types\/page"}],"author":[{"embeddable":true,"href":"https:\/\/hun.amaruq-chimo.eu\/index.php?rest_route=\/wp\/v2\/users\/2"}],"replies":[{"embeddable":true,"href":"https:\/\/hun.amaruq-chimo.eu\/index.php?rest_route=%2Fwp%2Fv2%2Fcomments&post=2133"}],"version-history":[{"count":9,"href":"https:\/\/hun.amaruq-chimo.eu\/index.php?rest_route=\/wp\/v2\/pages\/2133\/revisions"}],"predecessor-version":[{"id":2425,"href":"https:\/\/hun.amaruq-chimo.eu\/index.php?rest_route=\/wp\/v2\/pages\/2133\/revisions\/2425"}],"wp:attachment":[{"href":"https:\/\/hun.amaruq-chimo.eu\/index.php?rest_route=%2Fwp%2Fv2%2Fmedia&parent=2133"}],"curies":[{"name":"wp","href":"https:\/\/api.w.org\/{rel}","templated":true}]}}