{"id":2131,"date":"2013-08-12T14:02:03","date_gmt":"2013-08-12T13:02:03","guid":{"rendered":"https:\/\/hun.amaruq-chimo.eu\/?page_id=2131"},"modified":"2014-04-29T10:44:55","modified_gmt":"2014-04-29T09:44:55","slug":"2131-2","status":"publish","type":"page","link":"https:\/\/hun.amaruq-chimo.eu\/?page_id=2131","title":{"rendered":""},"content":{"rendered":"<p style=\"text-align: center;\">\u00a0<a href=\"https:\/\/hun.amaruq-chimo.eu\/wp-content\/\/i-alommagy.jpg\"><img loading=\"lazy\" decoding=\"async\" class=\"aligncenter  wp-image-2253\" alt=\"i alommagy\" src=\"https:\/\/hun.amaruq-chimo.eu\/wp-content\/\/i-alommagy.jpg\" width=\"585\" height=\"195\" srcset=\"https:\/\/hun.amaruq-chimo.eu\/wp-content\/i-alommagy.jpg 835w, https:\/\/hun.amaruq-chimo.eu\/wp-content\/i-alommagy-300x100.jpg 300w\" sizes=\"auto, (max-width: 585px) 100vw, 585px\" \/><\/a><\/p>\n<h2>\u00a0<span style=\"color: #000000;\">Karma Dzsimpa&#8217;s Do-Khyi Dharma \u00a0 \u00a0 \u00a0 \u00a0 \u00a0 \u00a0 \u00a0 \u00a0 \u00a0 \u00a0 \u00a0 \u00a0 Asrama Cheng-Shi<\/span><\/h2>\n<p>&nbsp;<\/p>\n<h1 style=\"text-align: center;\"><span style=\"color: #ff0000;\">2014. \u00e1prilis 28-\u00e1n megsz\u00fclettek!<\/span><\/h1>\n<h1 style=\"text-align: center;\"><span style=\"color: #ff0000;\"><a href=\"https:\/\/hun.amaruq-chimo.eu\/wp-content\/\/dharma1.jpg\"><img loading=\"lazy\" decoding=\"async\" class=\"aligncenter  wp-image-2252\" alt=\"OLYMPUS DIGITAL CAMERA\" src=\"https:\/\/hun.amaruq-chimo.eu\/wp-content\/\/dharma1.jpg\" width=\"540\" height=\"405\" srcset=\"https:\/\/hun.amaruq-chimo.eu\/wp-content\/dharma1.jpg 900w, https:\/\/hun.amaruq-chimo.eu\/wp-content\/dharma1-300x225.jpg 300w\" sizes=\"auto, (max-width: 540px) 100vw, 540px\" \/><\/a>\u00a0<\/span><\/h1>\n<p><strong>ngg_shortcode_0_placeholder<\/strong><\/p>\n","protected":false},"excerpt":{"rendered":"<p>\u00a0 \u00a0Karma Dzsimpa&#8217;s Do-Khyi Dharma \u00a0 \u00a0 \u00a0 \u00a0 \u00a0 \u00a0 \u00a0 \u00a0 \u00a0 \u00a0 \u00a0 \u00a0 Asrama Cheng-Shi &nbsp; 2014. \u00e1prilis 28-\u00e1n megsz\u00fclettek! \u00a0<\/p>\n","protected":false},"author":2,"featured_media":0,"parent":0,"menu_order":0,"comment_status":"open","ping_status":"open","template":"","meta":{"ngg_post_thumbnail":0,"footnotes":""},"class_list":["post-2131","page","type-page","status-publish","hentry"],"_links":{"self":[{"href":"https:\/\/hun.amaruq-chimo.eu\/index.php?rest_route=\/wp\/v2\/pages\/2131","targetHints":{"allow":["GET"]}}],"collection":[{"href":"https:\/\/hun.amaruq-chimo.eu\/index.php?rest_route=\/wp\/v2\/pages"}],"about":[{"href":"https:\/\/hun.amaruq-chimo.eu\/index.php?rest_route=\/wp\/v2\/types\/page"}],"author":[{"embeddable":true,"href":"https:\/\/hun.amaruq-chimo.eu\/index.php?rest_route=\/wp\/v2\/users\/2"}],"replies":[{"embeddable":true,"href":"https:\/\/hun.amaruq-chimo.eu\/index.php?rest_route=%2Fwp%2Fv2%2Fcomments&post=2131"}],"version-history":[{"count":8,"href":"https:\/\/hun.amaruq-chimo.eu\/index.php?rest_route=\/wp\/v2\/pages\/2131\/revisions"}],"predecessor-version":[{"id":2256,"href":"https:\/\/hun.amaruq-chimo.eu\/index.php?rest_route=\/wp\/v2\/pages\/2131\/revisions\/2256"}],"wp:attachment":[{"href":"https:\/\/hun.amaruq-chimo.eu\/index.php?rest_route=%2Fwp%2Fv2%2Fmedia&parent=2131"}],"curies":[{"name":"wp","href":"https:\/\/api.w.org\/{rel}","templated":true}]}}