{"id":1943,"date":"2013-02-25T14:28:17","date_gmt":"2013-02-25T13:28:17","guid":{"rendered":"https:\/\/hun.amaruq-chimo.eu\/?page_id=1943"},"modified":"2020-12-19T16:51:01","modified_gmt":"2020-12-19T15:51:01","slug":"h-alom","status":"publish","type":"page","link":"https:\/\/hun.amaruq-chimo.eu\/?page_id=1943","title":{"rendered":""},"content":{"rendered":"<p>&nbsp;<\/p>\n<h3><a href=\"https:\/\/hun.amaruq-chimo.eu\/wp-content\/\/kepmagy.jpg\"><img loading=\"lazy\" decoding=\"async\" class=\"aligncenter size-full wp-image-1962\" src=\"https:\/\/hun.amaruq-chimo.eu\/wp-content\/\/kepmagy.jpg\" alt=\"kepmagy\" width=\"532\" height=\"155\" srcset=\"https:\/\/hun.amaruq-chimo.eu\/wp-content\/kepmagy.jpg 532w, https:\/\/hun.amaruq-chimo.eu\/wp-content\/kepmagy-300x87.jpg 300w\" sizes=\"auto, (max-width: 532px) 100vw, 532px\" \/><\/a><span style=\"color: #000000;\">Amaruq-Chimo Bhasundara &nbsp;&#8222;Ramses&#8221; &nbsp; &nbsp; &nbsp; &nbsp;Karma Dzsimpa&#8217;s Do-khyi Dharma<\/span><\/h3>\n<p>&nbsp;<\/p>\n<h2 style=\"text-align: center;\"><span style=\"color: #ff0000;\">K\u00f6lyk\u00f6k megsz\u00fclettek: 2013.03.07-\u00e9n<\/span><\/h2>\n<p>h alom magyar ngg_shortcode_0_placeholder<\/p>\n","protected":false},"excerpt":{"rendered":"<p>&nbsp; Amaruq-Chimo Bhasundara &nbsp;&#8222;Ramses&#8221; &nbsp; &nbsp; &nbsp; &nbsp;Karma Dzsimpa&#8217;s Do-khyi Dharma &nbsp; K\u00f6lyk\u00f6k megsz\u00fclettek: 2013.03.07-\u00e9n h alom magyar<\/p>\n","protected":false},"author":2,"featured_media":0,"parent":0,"menu_order":0,"comment_status":"open","ping_status":"open","template":"","meta":{"ngg_post_thumbnail":0,"footnotes":""},"class_list":["post-1943","page","type-page","status-publish","hentry"],"_links":{"self":[{"href":"https:\/\/hun.amaruq-chimo.eu\/index.php?rest_route=\/wp\/v2\/pages\/1943","targetHints":{"allow":["GET"]}}],"collection":[{"href":"https:\/\/hun.amaruq-chimo.eu\/index.php?rest_route=\/wp\/v2\/pages"}],"about":[{"href":"https:\/\/hun.amaruq-chimo.eu\/index.php?rest_route=\/wp\/v2\/types\/page"}],"author":[{"embeddable":true,"href":"https:\/\/hun.amaruq-chimo.eu\/index.php?rest_route=\/wp\/v2\/users\/2"}],"replies":[{"embeddable":true,"href":"https:\/\/hun.amaruq-chimo.eu\/index.php?rest_route=%2Fwp%2Fv2%2Fcomments&post=1943"}],"version-history":[{"count":14,"href":"https:\/\/hun.amaruq-chimo.eu\/index.php?rest_route=\/wp\/v2\/pages\/1943\/revisions"}],"predecessor-version":[{"id":4533,"href":"https:\/\/hun.amaruq-chimo.eu\/index.php?rest_route=\/wp\/v2\/pages\/1943\/revisions\/4533"}],"wp:attachment":[{"href":"https:\/\/hun.amaruq-chimo.eu\/index.php?rest_route=%2Fwp%2Fv2%2Fmedia&parent=1943"}],"curies":[{"name":"wp","href":"https:\/\/api.w.org\/{rel}","templated":true}]}}