{"id":19,"date":"2009-10-01T21:21:35","date_gmt":"2009-10-01T21:21:35","guid":{"rendered":"http:\/\/amaruq-chimo.com\/?page_id=19"},"modified":"2013-07-09T15:51:22","modified_gmt":"2013-07-09T14:51:22","slug":"bemutatkozas","status":"publish","type":"page","link":"https:\/\/hun.amaruq-chimo.eu\/?page_id=19","title":{"rendered":"Bemutatkoz\u00e1s"},"content":{"rendered":"<p><img loading=\"lazy\" decoding=\"async\" class=\"alignright size-full wp-image-287\" title=\"CACIB (4)\" alt=\"CACIB (4)\" src=\"https:\/\/hun.amaruq-chimo.eu\/wp-content\/CACIB-4.jpg\" width=\"305\" height=\"603\" srcset=\"https:\/\/hun.amaruq-chimo.eu\/wp-content\/CACIB-4.jpg 305w, https:\/\/hun.amaruq-chimo.eu\/wp-content\/CACIB-4-151x300.jpg 151w\" sizes=\"auto, (max-width: 305px) 100vw, 305px\" \/>A nevem: <strong>Nagy Erika<\/strong><\/p>\n<p>M\u00e1r gyermekkorom \u00f3ta rajongtam a kuty\u00e1k\u00e9rt, de csak 21 \u00e9vesen tudtam megval\u00f3s\u00edtani, hogy kuty\u00e1t v\u00e1s\u00e1roljak.<br \/>\nAz els\u0151 kuty\u00e1m egy sk\u00f3t juh\u00e1sz szuka volt. Sajnos \u0151 r\u00e1kos lett, \u00e9s elpusztult.<\/p>\n<p>Nem tudtam kutya n\u00e9lk\u00fcl \u00e9lni. K\u00e9t h\u00e9ten bel\u00fcl egy fekete \u00fajfundlandi kan k\u00f6ly\u00f6kkel mentem haza.<br \/>\nNagyon boldog \u00e9veket \u00e9ltem meg vele. Rendszeresen j\u00e1rtunk kutyaki\u00e1ll\u00edt\u00e1sokra.Az \u0151 elveszt\u00e9se ut\u00e1n nem volt lehet\u0151s\u00e9g kuty\u00e1t tartanom.<br \/>\n2006-ban siker\u00fclt kertesh\u00e1zba k\u00f6lt\u00f6zn\u00f6m, amelyhez hatalmas kert tartozik.<\/p>\n<p>Addigra \u00e9letem \u00e1lma, hogy tibeti masztiff kuty\u00e1t tartsak, val\u00f3s\u00e1g lett.<\/p>\n<p><!--more-->Kennel\u00fcnk fiatal m\u00e9g, hisz 2007-ben v\u00e1s\u00e1roltam egy kan, \u00e9s kett\u0151 szuka k\u00f6lyk\u00f6t, k\u00fcl\u00f6nb\u00f6z\u0151 teny\u00e9szetekt\u0151l.A kuty\u00e1k eredm\u00e9nyess\u00e9ge, gy\u00f6ny\u00f6r\u0171 megjelen\u00e9se \u00e9s legf\u0151k\u00e9ppen nagyszer\u0171 jelleme buzd\u00edtott arra, hogy teny\u00e9sszem ezt a fajt\u00e1t.<\/p>\n<p><img loading=\"lazy\" decoding=\"async\" class=\"alignleft size-full wp-image-288\" title=\"2009_09270082\" alt=\"2009_09270082\" src=\"https:\/\/hun.amaruq-chimo.eu\/wp-content\/2009_09270082.jpg\" width=\"753\" height=\"458\" srcset=\"https:\/\/hun.amaruq-chimo.eu\/wp-content\/2009_09270082.jpg 753w, https:\/\/hun.amaruq-chimo.eu\/wp-content\/2009_09270082-300x182.jpg 300w\" sizes=\"auto, (max-width: 753px) 100vw, 753px\" \/>Els\u0151dleges szempontom, a t\u00f6k\u00e9letess\u00e9g.<\/p>\n<p>T\u00f6rekszem arra, hogy j\u00f3 idegrendszer\u00fc, eg\u00e9szs\u00e9ges \u00e9s kiv\u00e1l\u00f3 tulajdons\u00e1g\u00fa kuty\u00e1k k\u00e9pviselj\u00e9k kennelemet.<\/p>\n","protected":false},"excerpt":{"rendered":"<p>A nevem: Nagy Erika M\u00e1r gyermekkorom \u00f3ta rajongtam a kuty\u00e1k\u00e9rt, de csak 21 \u00e9vesen tudtam megval\u00f3s\u00edtani, hogy kuty\u00e1t v\u00e1s\u00e1roljak. Az els\u0151 kuty\u00e1m egy sk\u00f3t juh\u00e1sz szuka volt. Sajnos \u0151 r\u00e1kos lett, \u00e9s elpusztult. Nem tudtam kutya n\u00e9lk\u00fcl \u00e9lni. K\u00e9t h\u00e9ten bel\u00fcl egy fekete \u00fajfundlandi kan k\u00f6ly\u00f6kkel mentem haza. Nagyon boldog \u00e9veket \u00e9ltem meg vele. Rendszeresen [&hellip;]<\/p>\n","protected":false},"author":2,"featured_media":0,"parent":0,"menu_order":5,"comment_status":"open","ping_status":"open","template":"","meta":{"ngg_post_thumbnail":0,"footnotes":""},"class_list":["post-19","page","type-page","status-publish","hentry"],"_links":{"self":[{"href":"https:\/\/hun.amaruq-chimo.eu\/index.php?rest_route=\/wp\/v2\/pages\/19","targetHints":{"allow":["GET"]}}],"collection":[{"href":"https:\/\/hun.amaruq-chimo.eu\/index.php?rest_route=\/wp\/v2\/pages"}],"about":[{"href":"https:\/\/hun.amaruq-chimo.eu\/index.php?rest_route=\/wp\/v2\/types\/page"}],"author":[{"embeddable":true,"href":"https:\/\/hun.amaruq-chimo.eu\/index.php?rest_route=\/wp\/v2\/users\/2"}],"replies":[{"embeddable":true,"href":"https:\/\/hun.amaruq-chimo.eu\/index.php?rest_route=%2Fwp%2Fv2%2Fcomments&post=19"}],"version-history":[{"count":9,"href":"https:\/\/hun.amaruq-chimo.eu\/index.php?rest_route=\/wp\/v2\/pages\/19\/revisions"}],"predecessor-version":[{"id":356,"href":"https:\/\/hun.amaruq-chimo.eu\/index.php?rest_route=\/wp\/v2\/pages\/19\/revisions\/356"}],"wp:attachment":[{"href":"https:\/\/hun.amaruq-chimo.eu\/index.php?rest_route=%2Fwp%2Fv2%2Fmedia&parent=19"}],"curies":[{"name":"wp","href":"https:\/\/api.w.org\/{rel}","templated":true}]}}