{"id":1771,"date":"2012-11-09T18:00:44","date_gmt":"2012-11-09T17:00:44","guid":{"rendered":"https:\/\/hun.amaruq-chimo.eu\/?page_id=1771"},"modified":"2013-11-02T16:59:54","modified_gmt":"2013-11-02T15:59:54","slug":"1771-2","status":"publish","type":"page","link":"https:\/\/hun.amaruq-chimo.eu\/?page_id=1771","title":{"rendered":""},"content":{"rendered":"<p style=\"text-align: center;\"><a href=\"https:\/\/hun.amaruq-chimo.eu\/wp-content\/\/Galommagy.jpg\"><img loading=\"lazy\" decoding=\"async\" class=\"aligncenter  wp-image-1783\" title=\"Galommagy\" alt=\"\" src=\"https:\/\/hun.amaruq-chimo.eu\/wp-content\/\/Galommagy.jpg\" width=\"540\" height=\"108\" srcset=\"https:\/\/hun.amaruq-chimo.eu\/wp-content\/Galommagy.jpg 600w, https:\/\/hun.amaruq-chimo.eu\/wp-content\/Galommagy-300x60.jpg 300w\" sizes=\"auto, (max-width: 540px) 100vw, 540px\" \/><\/a><\/p>\n<h3><span style=\"color: #000000;\">KARMA DZSIMPA&#8217;S DO-KHYI MANDALA \u00a0 \u00a0 \u00a0 \u00a0 \u00a0LAGO-KHY DO-KHY DGE-SZPJOD (S\u00cdVA)<\/span><\/h3>\n<h2 style=\"text-align: center;\"><span style=\"color: #ff0000;\">Megsz\u00fclettek: 2012.12.08-\u00e1n<\/span><\/h2>\nngg_shortcode_0_placeholder\n","protected":false},"excerpt":{"rendered":"<p>KARMA DZSIMPA&#8217;S DO-KHYI MANDALA \u00a0 \u00a0 \u00a0 \u00a0 \u00a0LAGO-KHY DO-KHY DGE-SZPJOD (S\u00cdVA) Megsz\u00fclettek: 2012.12.08-\u00e1n<\/p>\n","protected":false},"author":2,"featured_media":0,"parent":0,"menu_order":0,"comment_status":"open","ping_status":"open","template":"","meta":{"ngg_post_thumbnail":0,"footnotes":""},"class_list":["post-1771","page","type-page","status-publish","hentry"],"_links":{"self":[{"href":"https:\/\/hun.amaruq-chimo.eu\/index.php?rest_route=\/wp\/v2\/pages\/1771","targetHints":{"allow":["GET"]}}],"collection":[{"href":"https:\/\/hun.amaruq-chimo.eu\/index.php?rest_route=\/wp\/v2\/pages"}],"about":[{"href":"https:\/\/hun.amaruq-chimo.eu\/index.php?rest_route=\/wp\/v2\/types\/page"}],"author":[{"embeddable":true,"href":"https:\/\/hun.amaruq-chimo.eu\/index.php?rest_route=\/wp\/v2\/users\/2"}],"replies":[{"embeddable":true,"href":"https:\/\/hun.amaruq-chimo.eu\/index.php?rest_route=%2Fwp%2Fv2%2Fcomments&post=1771"}],"version-history":[{"count":12,"href":"https:\/\/hun.amaruq-chimo.eu\/index.php?rest_route=\/wp\/v2\/pages\/1771\/revisions"}],"predecessor-version":[{"id":2216,"href":"https:\/\/hun.amaruq-chimo.eu\/index.php?rest_route=\/wp\/v2\/pages\/1771\/revisions\/2216"}],"wp:attachment":[{"href":"https:\/\/hun.amaruq-chimo.eu\/index.php?rest_route=%2Fwp%2Fv2%2Fmedia&parent=1771"}],"curies":[{"name":"wp","href":"https:\/\/api.w.org\/{rel}","templated":true}]}}