{"id":1766,"date":"2012-11-09T17:57:16","date_gmt":"2012-11-09T16:57:16","guid":{"rendered":"https:\/\/hun.amaruq-chimo.eu\/?page_id=1766"},"modified":"2013-11-02T16:59:07","modified_gmt":"2013-11-02T15:59:07","slug":"1766-2","status":"publish","type":"page","link":"https:\/\/hun.amaruq-chimo.eu\/?page_id=1766","title":{"rendered":""},"content":{"rendered":"<h3><a href=\"https:\/\/hun.amaruq-chimo.eu\/wp-content\/\/falommagy1.jpg\"><img loading=\"lazy\" decoding=\"async\" class=\"aligncenter size-full wp-image-1795\" title=\"falommagy\" alt=\"\" src=\"https:\/\/hun.amaruq-chimo.eu\/wp-content\/\/falommagy1.jpg\" width=\"600\" height=\"120\" srcset=\"https:\/\/hun.amaruq-chimo.eu\/wp-content\/falommagy1.jpg 600w, https:\/\/hun.amaruq-chimo.eu\/wp-content\/falommagy1-300x60.jpg 300w\" sizes=\"auto, (max-width: 600px) 100vw, 600px\" \/><\/a><\/h3>\n<h3><span style=\"color: #000000;\">ASRAMA CHENG-SHI \u00a0(BUDDHA) \u00a0 \u00a0 \u00a0 \u00a0 \u00a0 \u00a0 \u00a0KARMA DZSIMPA&#8217;S DO-KHYI CHEN-PO \u00a0(S\u00c1BA)<\/span><\/h3>\n<h2 style=\"text-align: center;\"><span style=\"color: #ff0000;\">Megsz\u00fclettek: 2012.12.04-\u00e9n<\/span><\/h2>\n<p style=\"text-align: center;\"><span style=\"color: #ff0000;\"><br \/>\n<\/span><\/p>\nngg_shortcode_0_placeholder\n","protected":false},"excerpt":{"rendered":"<p>ASRAMA CHENG-SHI \u00a0(BUDDHA) \u00a0 \u00a0 \u00a0 \u00a0 \u00a0 \u00a0 \u00a0KARMA DZSIMPA&#8217;S DO-KHYI CHEN-PO \u00a0(S\u00c1BA) Megsz\u00fclettek: 2012.12.04-\u00e9n<\/p>\n","protected":false},"author":2,"featured_media":0,"parent":0,"menu_order":0,"comment_status":"open","ping_status":"open","template":"","meta":{"ngg_post_thumbnail":0,"footnotes":""},"class_list":["post-1766","page","type-page","status-publish","hentry"],"_links":{"self":[{"href":"https:\/\/hun.amaruq-chimo.eu\/index.php?rest_route=\/wp\/v2\/pages\/1766","targetHints":{"allow":["GET"]}}],"collection":[{"href":"https:\/\/hun.amaruq-chimo.eu\/index.php?rest_route=\/wp\/v2\/pages"}],"about":[{"href":"https:\/\/hun.amaruq-chimo.eu\/index.php?rest_route=\/wp\/v2\/types\/page"}],"author":[{"embeddable":true,"href":"https:\/\/hun.amaruq-chimo.eu\/index.php?rest_route=\/wp\/v2\/users\/2"}],"replies":[{"embeddable":true,"href":"https:\/\/hun.amaruq-chimo.eu\/index.php?rest_route=%2Fwp%2Fv2%2Fcomments&post=1766"}],"version-history":[{"count":22,"href":"https:\/\/hun.amaruq-chimo.eu\/index.php?rest_route=\/wp\/v2\/pages\/1766\/revisions"}],"predecessor-version":[{"id":2214,"href":"https:\/\/hun.amaruq-chimo.eu\/index.php?rest_route=\/wp\/v2\/pages\/1766\/revisions\/2214"}],"wp:attachment":[{"href":"https:\/\/hun.amaruq-chimo.eu\/index.php?rest_route=%2Fwp%2Fv2%2Fmedia&parent=1766"}],"curies":[{"name":"wp","href":"https:\/\/api.w.org\/{rel}","templated":true}]}}