{"id":1561,"date":"2012-06-29T09:37:20","date_gmt":"2012-06-29T08:37:20","guid":{"rendered":"https:\/\/hun.amaruq-chimo.eu\/?page_id=1561"},"modified":"2018-11-10T12:32:08","modified_gmt":"2018-11-10T11:32:08","slug":"1561-2","status":"publish","type":"page","link":"https:\/\/hun.amaruq-chimo.eu\/?page_id=1561","title":{"rendered":""},"content":{"rendered":"<table style=\"text-align: center;\" border=\"0\" width=\"100%\">\n<tbody>\n<tr>\n<td style=\"text-align: center;\">\n<h2 style=\"font-size: 1.5em; text-align: center;\"><span style=\"color: #800000;\"><img loading=\"lazy\" decoding=\"async\" class=\"aligncenter size-full wp-image-872\" src=\"https:\/\/hun.amaruq-chimo.eu\/wp-content\/\/pedigele.gif\" alt=\"\" width=\"68\" height=\"97\"><a href=\"https:\/\/hun.amaruq-chimo.eu\/wp-content\/\/Tara-t\u00f6rzsk\u00f6nyv1.jpg\"><span style=\"color: #000000;\">Pedigree \/ T\u00f6rzsk\u00f6nyv<\/span><\/a><\/span><\/h2>\n<\/td>\n<td>\n<h2 style=\"font-size: 1.5em;\"><span style=\"color: #800000;\"><strong><a href=\"https:\/\/hun.amaruq-chimo.eu\/?page_id=22#tara\"><img loading=\"lazy\" decoding=\"async\" class=\"aligncenter size-full wp-image-872\" style=\"display: block; margin-left: auto; margin-right: auto; border: 0px initial initial;\" src=\"https:\/\/hun.amaruq-chimo.eu\/wp-content\/\/serleg.gif\" alt=\"pedigele\" width=\"80\" height=\"100\"><span style=\"color: #000000;\">Eredm\u00e9nyei<\/span><\/a><\/strong><\/span><\/h2>\n<\/td>\n<\/tr>\n<\/tbody>\n<\/table>\n<h2><span style=\"color: #000000;\">Sz\u00fcletett: &nbsp; 2011.11.30.<\/span><\/h2>\n<h2><span style=\"color: #000000;\">Meghalt: 2016.09.20.&nbsp;<img loading=\"lazy\" decoding=\"async\" class=\"alignnone size-full wp-image-3710\" src=\"https:\/\/hun.amaruq-chimo.eu\/wp-content\/\/799095.gif\" alt=\"\" width=\"50\" height=\"60\"><\/span><\/h2>\n<h2><span style=\"color: #000000;\">Magass\u00e1g: &nbsp;66 cm<\/span><\/h2>\n<h2><span style=\"color: #000000;\">S\u00faly: 44 kg<\/span><\/h2>\n<p style=\"text-align: center;\"><span style=\"font-family: arial, sans-serif; color: #222222;\"><span style=\"line-height: normal;\"><a href=\"https:\/\/hun.amaruq-chimo.eu\/wp-content\/\/2012_1021Kom\u00e1romDerbi0037.jpg\"><img loading=\"lazy\" decoding=\"async\" class=\"aligncenter wp-image-1746\" src=\"https:\/\/hun.amaruq-chimo.eu\/wp-content\/\/2012_1021Kom\u00e1romDerbi0037.jpg\" alt=\"SONY DSC\" width=\"408\" height=\"346\" srcset=\"https:\/\/hun.amaruq-chimo.eu\/wp-content\/2012_1021Kom\u00e1romDerbi0037.jpg 1133w, https:\/\/hun.amaruq-chimo.eu\/wp-content\/2012_1021Kom\u00e1romDerbi0037-300x254.jpg 300w, https:\/\/hun.amaruq-chimo.eu\/wp-content\/2012_1021Kom\u00e1romDerbi0037-1024x867.jpg 1024w\" sizes=\"auto, (max-width: 408px) 100vw, 408px\" \/><\/a><br \/>\n<\/span><\/span><\/p>\nngg_shortcode_0_placeholder\n<h2><span style=\"color: #000000;\"><br \/>\n<\/span><\/h2>\n","protected":false},"excerpt":{"rendered":"<p>Pedigree \/ T\u00f6rzsk\u00f6nyv Eredm\u00e9nyei Sz\u00fcletett: &nbsp; 2011.11.30. Meghalt: 2016.09.20.&nbsp; Magass\u00e1g: &nbsp;66 cm S\u00faly: 44 kg<\/p>\n","protected":false},"author":2,"featured_media":0,"parent":0,"menu_order":0,"comment_status":"open","ping_status":"open","template":"","meta":{"ngg_post_thumbnail":0,"footnotes":""},"class_list":["post-1561","page","type-page","status-publish","hentry"],"_links":{"self":[{"href":"https:\/\/hun.amaruq-chimo.eu\/index.php?rest_route=\/wp\/v2\/pages\/1561","targetHints":{"allow":["GET"]}}],"collection":[{"href":"https:\/\/hun.amaruq-chimo.eu\/index.php?rest_route=\/wp\/v2\/pages"}],"about":[{"href":"https:\/\/hun.amaruq-chimo.eu\/index.php?rest_route=\/wp\/v2\/types\/page"}],"author":[{"embeddable":true,"href":"https:\/\/hun.amaruq-chimo.eu\/index.php?rest_route=\/wp\/v2\/users\/2"}],"replies":[{"embeddable":true,"href":"https:\/\/hun.amaruq-chimo.eu\/index.php?rest_route=%2Fwp%2Fv2%2Fcomments&post=1561"}],"version-history":[{"count":11,"href":"https:\/\/hun.amaruq-chimo.eu\/index.php?rest_route=\/wp\/v2\/pages\/1561\/revisions"}],"predecessor-version":[{"id":3718,"href":"https:\/\/hun.amaruq-chimo.eu\/index.php?rest_route=\/wp\/v2\/pages\/1561\/revisions\/3718"}],"wp:attachment":[{"href":"https:\/\/hun.amaruq-chimo.eu\/index.php?rest_route=%2Fwp%2Fv2%2Fmedia&parent=1561"}],"curies":[{"name":"wp","href":"https:\/\/api.w.org\/{rel}","templated":true}]}}