{"id":1434,"date":"2012-02-24T14:22:52","date_gmt":"2012-02-24T13:22:52","guid":{"rendered":"https:\/\/hun.amaruq-chimo.eu\/?page_id=1434"},"modified":"2025-05-10T18:29:05","modified_gmt":"2025-05-10T17:29:05","slug":"shaolin-amaruq-chimo-dhebabrata","status":"publish","type":"page","link":"https:\/\/hun.amaruq-chimo.eu\/?page_id=1434","title":{"rendered":""},"content":{"rendered":"<table style=\"text-align: center;\" border=\"0\" width=\"100%\">\n<tbody>\n<tr>\n<td style=\"text-align: center;\">\n<h2 style=\"font-size: 1.5em; text-align: center;\"><span style=\"color: #800000;\"><img loading=\"lazy\" decoding=\"async\" class=\"aligncenter size-full wp-image-872\" src=\"https:\/\/hun.amaruq-chimo.eu\/wp-content\/\/pedigele.gif\" alt=\"\" width=\"68\" height=\"97\"><a href=\"https:\/\/hun.amaruq-chimo.eu\/wp-content\/\/SHAOLIN-T\u00d6RZSK\u00d6NYV.jpg\"><span style=\"color: #000000;\">Pedigree \/ T\u00f6rzsk\u00f6nyv<\/span><\/a><\/span><\/h2>\n<\/td>\n<td>\n<h2 style=\"font-size: 1.5em;\"><span style=\"color: #800000;\"><strong><a href=\"https:\/\/hun.amaruq-chimo.eu\/?page_id=22#shaolin\"><img loading=\"lazy\" decoding=\"async\" class=\"aligncenter size-full wp-image-872\" style=\"display: block; margin-left: auto; margin-right: auto; border: 0px initial initial;\" src=\"https:\/\/hun.amaruq-chimo.eu\/wp-content\/\/serleg.gif\" alt=\"pedigele\" width=\"80\" height=\"100\"><span style=\"color: #000000;\">Eredm\u00e9nyei<\/span><\/a><\/strong><\/span><\/h2>\n<\/td>\n<\/tr>\n<\/tbody>\n<\/table>\n<h2><span style=\"color: #000000;\">Sz\u00fcletett: 2011.11.29.<img loading=\"lazy\" decoding=\"async\" class=\"alignnone  wp-image-4475\" src=\"https:\/\/hun.amaruq-chimo.eu\/wp-content\/\/799095-2.gif\" alt=\"\" width=\"50\" height=\"60\"><\/span><\/h2>\n<h2><span style=\"color: #000000;\">Magass\u00e1g: 69 cm<\/span><\/h2>\n<h2><span style=\"color: #000000;\">S\u00faly: 49 kg<\/span><\/h2>\n<p style=\"text-align: center;\"><span style=\"color: #000000;\"><img loading=\"lazy\" decoding=\"async\" class=\"aligncenter wp-image-7349\" src=\"https:\/\/hun.amaruq-chimo.eu\/wp-content\/\/20221215_083303.jpg\" alt=\"\" width=\"330\" height=\"458\" srcset=\"https:\/\/hun.amaruq-chimo.eu\/wp-content\/20221215_083303.jpg 651w, https:\/\/hun.amaruq-chimo.eu\/wp-content\/20221215_083303-217x300.jpg 217w\" sizes=\"auto, (max-width: 330px) 100vw, 330px\" \/><br \/>\n<\/span><\/p>\nngg_shortcode_0_placeholder\n<h2><span style=\"color: #000000;\"><br \/>\n<\/span><\/h2>\n","protected":false},"excerpt":{"rendered":"<p>Pedigree \/ T\u00f6rzsk\u00f6nyv Eredm\u00e9nyei Sz\u00fcletett: 2011.11.29. Magass\u00e1g: 69 cm S\u00faly: 49 kg<\/p>\n","protected":false},"author":2,"featured_media":0,"parent":0,"menu_order":0,"comment_status":"open","ping_status":"open","template":"","meta":{"ngg_post_thumbnail":0,"footnotes":""},"class_list":["post-1434","page","type-page","status-publish","hentry"],"_links":{"self":[{"href":"https:\/\/hun.amaruq-chimo.eu\/index.php?rest_route=\/wp\/v2\/pages\/1434","targetHints":{"allow":["GET"]}}],"collection":[{"href":"https:\/\/hun.amaruq-chimo.eu\/index.php?rest_route=\/wp\/v2\/pages"}],"about":[{"href":"https:\/\/hun.amaruq-chimo.eu\/index.php?rest_route=\/wp\/v2\/types\/page"}],"author":[{"embeddable":true,"href":"https:\/\/hun.amaruq-chimo.eu\/index.php?rest_route=\/wp\/v2\/users\/2"}],"replies":[{"embeddable":true,"href":"https:\/\/hun.amaruq-chimo.eu\/index.php?rest_route=%2Fwp%2Fv2%2Fcomments&post=1434"}],"version-history":[{"count":19,"href":"https:\/\/hun.amaruq-chimo.eu\/index.php?rest_route=\/wp\/v2\/pages\/1434\/revisions"}],"predecessor-version":[{"id":7352,"href":"https:\/\/hun.amaruq-chimo.eu\/index.php?rest_route=\/wp\/v2\/pages\/1434\/revisions\/7352"}],"wp:attachment":[{"href":"https:\/\/hun.amaruq-chimo.eu\/index.php?rest_route=%2Fwp%2Fv2%2Fmedia&parent=1434"}],"curies":[{"name":"wp","href":"https:\/\/api.w.org\/{rel}","templated":true}]}}