{"id":1092,"date":"2011-07-14T19:36:21","date_gmt":"2011-07-14T18:36:21","guid":{"rendered":"https:\/\/hun.amaruq-chimo.eu\/?page_id=1092"},"modified":"2013-11-02T16:58:19","modified_gmt":"2013-11-02T15:58:19","slug":"1092-2","status":"publish","type":"page","link":"https:\/\/hun.amaruq-chimo.eu\/?page_id=1092","title":{"rendered":""},"content":{"rendered":"<p><img loading=\"lazy\" decoding=\"async\" class=\"aligncenter size-full wp-image-1183\" title=\"ealom\" alt=\"ealom\" src=\"https:\/\/hun.amaruq-chimo.eu\/wp-content\/\/ealom.png\" width=\"600\" height=\"120\" srcset=\"https:\/\/hun.amaruq-chimo.eu\/wp-content\/ealom.png 600w, https:\/\/hun.amaruq-chimo.eu\/wp-content\/ealom-300x60.png 300w\" sizes=\"auto, (max-width: 600px) 100vw, 600px\" \/><\/p>\n<h3><span style=\"color: #000000;\"> RABLIN BOHEMIA SIRAGUE \u00a0 \u00a0 \u00a0 \u00a0 \u00a0 \u00a0 \u00a0 \u00a0 \u00a0 \u00a0 \u00a0 \u00a0 \u00a0 \u00a0 \u00a0 AMARUQ-CHIMO BOGATYRI (\u00cdZIS)<\/span><\/h3>\n<h2 style=\"text-align: center;\"><span style=\"color: #ff0000;\">Megsz\u00fclettek: 2011.11.30-\u00e1n \u00a0\u00a0<\/span><\/h2>\nngg_shortcode_0_placeholder\n","protected":false},"excerpt":{"rendered":"<p>RABLIN BOHEMIA SIRAGUE \u00a0 \u00a0 \u00a0 \u00a0 \u00a0 \u00a0 \u00a0 \u00a0 \u00a0 \u00a0 \u00a0 \u00a0 \u00a0 \u00a0 \u00a0 AMARUQ-CHIMO BOGATYRI (\u00cdZIS) Megsz\u00fclettek: 2011.11.30-\u00e1n \u00a0\u00a0<\/p>\n","protected":false},"author":2,"featured_media":0,"parent":0,"menu_order":0,"comment_status":"open","ping_status":"open","template":"","meta":{"ngg_post_thumbnail":0,"footnotes":""},"class_list":["post-1092","page","type-page","status-publish","hentry"],"_links":{"self":[{"href":"https:\/\/hun.amaruq-chimo.eu\/index.php?rest_route=\/wp\/v2\/pages\/1092","targetHints":{"allow":["GET"]}}],"collection":[{"href":"https:\/\/hun.amaruq-chimo.eu\/index.php?rest_route=\/wp\/v2\/pages"}],"about":[{"href":"https:\/\/hun.amaruq-chimo.eu\/index.php?rest_route=\/wp\/v2\/types\/page"}],"author":[{"embeddable":true,"href":"https:\/\/hun.amaruq-chimo.eu\/index.php?rest_route=\/wp\/v2\/users\/2"}],"replies":[{"embeddable":true,"href":"https:\/\/hun.amaruq-chimo.eu\/index.php?rest_route=%2Fwp%2Fv2%2Fcomments&post=1092"}],"version-history":[{"count":13,"href":"https:\/\/hun.amaruq-chimo.eu\/index.php?rest_route=\/wp\/v2\/pages\/1092\/revisions"}],"predecessor-version":[{"id":2213,"href":"https:\/\/hun.amaruq-chimo.eu\/index.php?rest_route=\/wp\/v2\/pages\/1092\/revisions\/2213"}],"wp:attachment":[{"href":"https:\/\/hun.amaruq-chimo.eu\/index.php?rest_route=%2Fwp%2Fv2%2Fmedia&parent=1092"}],"curies":[{"name":"wp","href":"https:\/\/api.w.org\/{rel}","templated":true}]}}