{"id":1084,"date":"2011-07-14T19:30:16","date_gmt":"2011-07-14T18:30:16","guid":{"rendered":"https:\/\/hun.amaruq-chimo.eu\/?page_id=1084"},"modified":"2013-11-02T16:57:35","modified_gmt":"2013-11-02T15:57:35","slug":"1084-2","status":"publish","type":"page","link":"https:\/\/hun.amaruq-chimo.eu\/?page_id=1084","title":{"rendered":""},"content":{"rendered":"<p><img loading=\"lazy\" decoding=\"async\" class=\"aligncenter size-full wp-image-1185\" title=\"dalom1\" alt=\"dalom1\" src=\"https:\/\/hun.amaruq-chimo.eu\/wp-content\/\/dalom1.png\" width=\"600\" height=\"120\" srcset=\"https:\/\/hun.amaruq-chimo.eu\/wp-content\/dalom1.png 600w, https:\/\/hun.amaruq-chimo.eu\/wp-content\/dalom1-300x60.png 300w\" sizes=\"auto, (max-width: 600px) 100vw, 600px\" \/><\/p>\n<h3><span style=\"color: #000000;\">ASRAMA CHENG-SHI (BUDDHA) \u00a0 \u00a0 \u00a0 \u00a0 \u00a0 \u00a0 KARMA DZSIMPA&#8217;S DO-KHYI CHEN-PO (S\u00c1BA)<\/span><\/h3>\n<h2 style=\"text-align: center;\"><span style=\"color: #ff0000;\">Megsz\u00fclettek: 2011.11.29-\u00e9n \u00a0<\/span><\/h2>\n<p style=\"text-align: center;\"><span style=\"color: #ff0000;\"><br \/>\n<\/span><\/p>\nngg_shortcode_0_placeholder\n","protected":false},"excerpt":{"rendered":"<p>ASRAMA CHENG-SHI (BUDDHA) \u00a0 \u00a0 \u00a0 \u00a0 \u00a0 \u00a0 KARMA DZSIMPA&#8217;S DO-KHYI CHEN-PO (S\u00c1BA) Megsz\u00fclettek: 2011.11.29-\u00e9n \u00a0<\/p>\n","protected":false},"author":2,"featured_media":0,"parent":0,"menu_order":0,"comment_status":"open","ping_status":"open","template":"","meta":{"ngg_post_thumbnail":0,"footnotes":""},"class_list":["post-1084","page","type-page","status-publish","hentry"],"_links":{"self":[{"href":"https:\/\/hun.amaruq-chimo.eu\/index.php?rest_route=\/wp\/v2\/pages\/1084","targetHints":{"allow":["GET"]}}],"collection":[{"href":"https:\/\/hun.amaruq-chimo.eu\/index.php?rest_route=\/wp\/v2\/pages"}],"about":[{"href":"https:\/\/hun.amaruq-chimo.eu\/index.php?rest_route=\/wp\/v2\/types\/page"}],"author":[{"embeddable":true,"href":"https:\/\/hun.amaruq-chimo.eu\/index.php?rest_route=\/wp\/v2\/users\/2"}],"replies":[{"embeddable":true,"href":"https:\/\/hun.amaruq-chimo.eu\/index.php?rest_route=%2Fwp%2Fv2%2Fcomments&post=1084"}],"version-history":[{"count":16,"href":"https:\/\/hun.amaruq-chimo.eu\/index.php?rest_route=\/wp\/v2\/pages\/1084\/revisions"}],"predecessor-version":[{"id":2211,"href":"https:\/\/hun.amaruq-chimo.eu\/index.php?rest_route=\/wp\/v2\/pages\/1084\/revisions\/2211"}],"wp:attachment":[{"href":"https:\/\/hun.amaruq-chimo.eu\/index.php?rest_route=%2Fwp%2Fv2%2Fmedia&parent=1084"}],"curies":[{"name":"wp","href":"https:\/\/api.w.org\/{rel}","templated":true}]}}