{"id":1047,"date":"2011-07-08T15:01:22","date_gmt":"2011-07-08T14:01:22","guid":{"rendered":"https:\/\/hun.amaruq-chimo.eu\/?page_id=1047"},"modified":"2020-03-26T22:08:53","modified_gmt":"2020-03-26T21:08:53","slug":"1047-2","status":"publish","type":"page","link":"https:\/\/hun.amaruq-chimo.eu\/?page_id=1047","title":{"rendered":""},"content":{"rendered":"<table style=\"text-align: center;\" border=\"0\" width=\"100%\">\n<tbody>\n<tr>\n<td style=\"text-align: center;\">\n<h2 style=\"font-size: 1.5em; text-align: center;\"><span style=\"color: #800000;\"><strong><img loading=\"lazy\" decoding=\"async\" style=\"display: block; margin-left: auto; margin-right: auto; border: 0px initial initial;\" src=\"https:\/\/hun.amaruq-chimo.eu\/wp-content\/\/pedigele.gif\" alt=\"pedigele\" width=\"68\" height=\"97\"><\/strong><\/span><a href=\"https:\/\/hun.amaruq-chimo.eu\/wp-content\/\/mandala-1024x7441.jpg\"><span style=\"color: #000000;\">Pedigree \/ T\u00f6rzsk\u00f6nyv<\/span><\/a><\/h2>\n<\/td>\n<td>\n<h2 style=\"font-size: 1.5em;\"><span style=\"color: #800000;\"><strong><img loading=\"lazy\" decoding=\"async\" class=\"aligncenter size-full wp-image-872\" style=\"display: block; margin-left: auto; margin-right: auto; border: 0px initial initial;\" src=\"https:\/\/hun.amaruq-chimo.eu\/wp-content\/\/serleg.gif\" alt=\"pedigele\" width=\"80\" height=\"100\"><a href=\"https:\/\/hun.amaruq-chimo.eu\/?page_id=22#mandala\" target=\"_blank\" rel=\"noopener noreferrer\"><span style=\"color: #000000;\">Eredm\u00e9nyei<\/span><\/a><\/strong><\/span><\/h2>\n<\/td>\n<\/tr>\n<\/tbody>\n<\/table>\n<h2><span style=\"color: #000000;\">Sz\u00fcletett: 2011.01.05.<\/span><\/h2>\n<h2><span style=\"color: #000000;\">Meghalt: 2020.03.26.<img loading=\"lazy\" decoding=\"async\" class=\"alignnone  wp-image-4475\" src=\"https:\/\/hun.amaruq-chimo.eu\/wp-content\/\/799095-2.gif\" alt=\"\" width=\"50\" height=\"60\"><\/span><\/h2>\n<h2><span style=\"color: #000000;\">Magass\u00e1g: 80cm<\/span><\/h2>\n<h2><span style=\"color: #000000;\">S\u00faly: 78kg<\/span><\/h2>\n<p style=\"text-align: center;\"><a href=\"https:\/\/hun.amaruq-chimo.eu\/wp-content\/\/MANDALA-300x242.jpg\"><img loading=\"lazy\" decoding=\"async\" class=\"aligncenter wp-image-1673\" title=\"MANDALA-300x242\" src=\"https:\/\/hun.amaruq-chimo.eu\/wp-content\/\/MANDALA-300x242.jpg\" alt=\"\" width=\"400\" height=\"300\"><\/a><\/p>\nngg_shortcode_0_placeholder\n","protected":false},"excerpt":{"rendered":"<p>Pedigree \/ T\u00f6rzsk\u00f6nyv Eredm\u00e9nyei Sz\u00fcletett: 2011.01.05. Meghalt: 2020.03.26. Magass\u00e1g: 80cm S\u00faly: 78kg<\/p>\n","protected":false},"author":2,"featured_media":0,"parent":0,"menu_order":0,"comment_status":"open","ping_status":"open","template":"","meta":{"ngg_post_thumbnail":0,"footnotes":""},"class_list":["post-1047","page","type-page","status-publish","hentry"],"_links":{"self":[{"href":"https:\/\/hun.amaruq-chimo.eu\/index.php?rest_route=\/wp\/v2\/pages\/1047","targetHints":{"allow":["GET"]}}],"collection":[{"href":"https:\/\/hun.amaruq-chimo.eu\/index.php?rest_route=\/wp\/v2\/pages"}],"about":[{"href":"https:\/\/hun.amaruq-chimo.eu\/index.php?rest_route=\/wp\/v2\/types\/page"}],"author":[{"embeddable":true,"href":"https:\/\/hun.amaruq-chimo.eu\/index.php?rest_route=\/wp\/v2\/users\/2"}],"replies":[{"embeddable":true,"href":"https:\/\/hun.amaruq-chimo.eu\/index.php?rest_route=%2Fwp%2Fv2%2Fcomments&post=1047"}],"version-history":[{"count":15,"href":"https:\/\/hun.amaruq-chimo.eu\/index.php?rest_route=\/wp\/v2\/pages\/1047\/revisions"}],"predecessor-version":[{"id":4484,"href":"https:\/\/hun.amaruq-chimo.eu\/index.php?rest_route=\/wp\/v2\/pages\/1047\/revisions\/4484"}],"wp:attachment":[{"href":"https:\/\/hun.amaruq-chimo.eu\/index.php?rest_route=%2Fwp%2Fv2%2Fmedia&parent=1047"}],"curies":[{"name":"wp","href":"https:\/\/api.w.org\/{rel}","templated":true}]}}